{"id":928,"date":"2020-03-30T06:35:24","date_gmt":"2020-03-30T06:35:24","guid":{"rendered":"http:\/\/aics-bs.com\/home\/?page_id=928"},"modified":"2026-02-18T13:37:58","modified_gmt":"2026-02-18T13:37:58","slug":"qualitaet","status":"publish","type":"page","link":"https:\/\/aics-bs.com\/home\/?page_id=928&lang=de","title":{"rendered":"Qualit\u00e4t"},"content":{"rendered":"\t\t<div data-elementor-type=\"wp-page\" data-elementor-id=\"928\" class=\"elementor elementor-928\">\n\t\t\t\t\t\t<div class=\"elementor-inner\">\n\t\t\t\t<div class=\"elementor-section-wrap\">\n\t\t\t\t\t\t\t\t\t<section class=\"elementor-section elementor-top-section elementor-element elementor-element-7292b843 elementor-section-boxed elementor-section-height-default elementor-section-height-default\" data-id=\"7292b843\" data-element_type=\"section\">\n\t\t\t\t\t\t<div class=\"elementor-container elementor-column-gap-default\">\n\t\t\t\t\t\t\t<div class=\"elementor-row\">\n\t\t\t\t\t<div class=\"elementor-column elementor-col-100 elementor-top-column elementor-element elementor-element-443a3793\" data-id=\"443a3793\" data-element_type=\"column\">\n\t\t\t<div class=\"elementor-column-wrap elementor-element-populated\">\n\t\t\t\t\t\t\t<div class=\"elementor-widget-wrap\">\n\t\t\t\t\t\t<div class=\"elementor-element elementor-element-dc565eb elementor-widget elementor-widget-text-editor\" data-id=\"dc565eb\" data-element_type=\"widget\" data-widget_type=\"text-editor.default\">\n\t\t\t\t<div class=\"elementor-widget-container\">\n\t\t\t\t\t\t\t\t<div class=\"elementor-text-editor elementor-clearfix\">\n\t\t\t\t<h1>Qualit\u00e4t<\/h1><p>Gute Produkte entstehen selten durch Zufall. Wir stellen hohe Qualit\u00e4tsanforderungen, ebenso wie unsere Kunden.<\/p><p>Unser Betrieb und unser Service sind alle von erstklassiger Qualit\u00e4t. Die Arbeit wird mit einer langfristigen Perspektive und durch gute Kommunikation mit unseren Kunden ausgef\u00fchrt.<\/p><p>Als AICS BUSINESS SOLUTIONS\u00a0 Mitarbeiter \u00fcbernehmen wir die Total Quality-Philosophie als dauerhafte Lebensweise und \u00fcbernehmen den kundenorientierten Prozessansatz, um nationale und internationale Standards auf der Grundlage einer kontinuierlichen Entwicklung anzuwenden, an der alle unsere Mitarbeiter teilnehmen; Wir verpflichten uns zur Einhaltung der gesetzlichen internationalen und lokalen Vorschriften in Bezug auf Umwelt, Gesundheit und Sicherheit am Arbeitsplatz. Zu diesem Zweck; Schulung, Autorisierung und Teilnahme unseres gesamten Personals zur kontinuierlichen Verbesserung des Total Quality Management Systems, Entwicklung von Pre-Sales- und Post-Sales-Services durch Priorisierung der Erwartungen und Bed\u00fcrfnisse unserer Kunden, Gew\u00e4hrleistung der kontinuierlichen Zufriedenheit unserer Kunden und Lieferanten und unter keinen Umst\u00e4nden Kompromisse bei der Qualit\u00e4t, Erf\u00fcllung der Bed\u00fcrfnisse und Erwartungen unserer Kunden, die von unserem Unternehmen Dienstleistungen erhalten, p\u00fcnktlich, indem wir die verf\u00fcgbaren Ressourcen mit unserem geschulten und erfahrenen Personal auf die effektivste Weise nutzen, Jede Arbeit, die wir erledigen, wird beim ersten Mal richtig gemacht und kontinuierlich, Respekt vor der Umwelt und den Menschen als Prinzip sehen, Ziel von AICS BUSINESS SOLUTIONS ist es, es zu einem Bestandteil des Qualit\u00e4tsmanagementsystems zu machen.<\/p><p>AICS wurde nach ISO-9001:2015 zertifiziert und hat ein Qualit\u00e4tsmanagementsystem implementiert.<\/p><p>Unsere Produkte werden nach h\u00f6chsten Qualit\u00e4tsstandards hergestellt und gepr\u00fcft.<\/p><p>Unsere Lieferanten sind unteranderem nach\u00a0 ISO-9001:2015, NADCAP, IATF 16949 und \/ oder AS 9100 zertifiziert.<\/p>\t\t\t\t\t<\/div>\n\t\t\t\t\t\t<\/div>\n\t\t\t\t<\/div>\n\t\t\t\t\t\t<\/div>\n\t\t\t\t\t<\/div>\n\t\t<\/div>\n\t\t\t\t\t\t\t\t<\/div>\n\t\t\t\t\t<\/div>\n\t\t<\/section>\n\t\t\t\t<section class=\"elementor-section elementor-top-section elementor-element elementor-element-7fb2bca elementor-section-boxed elementor-section-height-default elementor-section-height-default\" data-id=\"7fb2bca\" data-element_type=\"section\">\n\t\t\t\t\t\t<div class=\"elementor-container elementor-column-gap-default\">\n\t\t\t\t\t\t\t<div class=\"elementor-row\">\n\t\t\t\t\t<div class=\"elementor-column elementor-col-100 elementor-top-column elementor-element elementor-element-7498b60\" data-id=\"7498b60\" data-element_type=\"column\">\n\t\t\t<div class=\"elementor-column-wrap elementor-element-populated\">\n\t\t\t\t\t\t\t<div class=\"elementor-widget-wrap\">\n\t\t\t\t\t\t<div class=\"elementor-element elementor-element-61c2969 elementor-widget elementor-widget-image\" data-id=\"61c2969\" data-element_type=\"widget\" data-widget_type=\"image.default\">\n\t\t\t\t<div class=\"elementor-widget-container\">\n\t\t\t\t\t\t\t\t<div class=\"elementor-image\">\n\t\t\t\t\t\t\t\t\t\t\t\t<img loading=\"lazy\" decoding=\"async\" width=\"870\" height=\"939\" src=\"https:\/\/aics-bs.com\/wp-content\/uploads\/2020\/03\/Quality-CMM-8-1.jpg\" class=\"attachment-large size-large\" alt=\"\" srcset=\"https:\/\/aics-bs.com\/wp-content\/uploads\/2020\/03\/Quality-CMM-8-1.jpg 870w, https:\/\/aics-bs.com\/wp-content\/uploads\/2020\/03\/Quality-CMM-8-1-278x300.jpg 278w, https:\/\/aics-bs.com\/wp-content\/uploads\/2020\/03\/Quality-CMM-8-1-768x829.jpg 768w\" sizes=\"auto, (max-width: 870px) 100vw, 870px\" \/>\t\t\t\t\t\t\t\t\t\t\t\t\t\t<\/div>\n\t\t\t\t\t\t<\/div>\n\t\t\t\t<\/div>\n\t\t\t\t\t\t<\/div>\n\t\t\t\t\t<\/div>\n\t\t<\/div>\n\t\t\t\t\t\t\t\t<\/div>\n\t\t\t\t\t<\/div>\n\t\t<\/section>\n\t\t\t\t<section class=\"elementor-section elementor-top-section elementor-element elementor-element-46ce2cf elementor-section-boxed elementor-section-height-default elementor-section-height-default\" data-id=\"46ce2cf\" data-element_type=\"section\">\n\t\t\t\t\t\t<div class=\"elementor-container elementor-column-gap-default\">\n\t\t\t\t\t\t\t<div class=\"elementor-row\">\n\t\t\t\t\t<div class=\"elementor-column elementor-col-50 elementor-top-column elementor-element elementor-element-52adc0e\" data-id=\"52adc0e\" data-element_type=\"column\">\n\t\t\t<div class=\"elementor-column-wrap elementor-element-populated\">\n\t\t\t\t\t\t\t<div class=\"elementor-widget-wrap\">\n\t\t\t\t\t\t<div class=\"elementor-element elementor-element-d6c0ce2 elementor-widget elementor-widget-image\" data-id=\"d6c0ce2\" data-element_type=\"widget\" data-widget_type=\"image.default\">\n\t\t\t\t<div class=\"elementor-widget-container\">\n\t\t\t\t\t\t\t\t<div class=\"elementor-image\">\n\t\t\t\t\t\t\t\t\t\t\t\t<img loading=\"lazy\" decoding=\"async\" width=\"600\" height=\"337\" src=\"https:\/\/aics-bs.com\/wp-content\/uploads\/2023\/03\/3D-Tarama-1.png\" class=\"attachment-large size-large\" alt=\"\" srcset=\"https:\/\/aics-bs.com\/wp-content\/uploads\/2023\/03\/3D-Tarama-1.png 600w, https:\/\/aics-bs.com\/wp-content\/uploads\/2023\/03\/3D-Tarama-1-300x169.png 300w\" sizes=\"auto, (max-width: 600px) 100vw, 600px\" \/>\t\t\t\t\t\t\t\t\t\t\t\t\t\t<\/div>\n\t\t\t\t\t\t<\/div>\n\t\t\t\t<\/div>\n\t\t\t\t\t\t<\/div>\n\t\t\t\t\t<\/div>\n\t\t<\/div>\n\t\t\t\t<div class=\"elementor-column elementor-col-50 elementor-top-column elementor-element elementor-element-934af50\" data-id=\"934af50\" data-element_type=\"column\">\n\t\t\t<div class=\"elementor-column-wrap elementor-element-populated\">\n\t\t\t\t\t\t\t<div class=\"elementor-widget-wrap\">\n\t\t\t\t\t\t<div class=\"elementor-element elementor-element-5c22130 elementor-widget elementor-widget-image\" data-id=\"5c22130\" data-element_type=\"widget\" data-widget_type=\"image.default\">\n\t\t\t\t<div class=\"elementor-widget-container\">\n\t\t\t\t\t\t\t\t<div class=\"elementor-image\">\n\t\t\t\t\t\t\t\t\t\t\t\t<img loading=\"lazy\" decoding=\"async\" width=\"1024\" height=\"577\" src=\"https:\/\/aics-bs.com\/wp-content\/uploads\/2023\/03\/3D-Cad-Modelling-2-1024x577.jpg\" class=\"attachment-large size-large\" alt=\"\" srcset=\"https:\/\/aics-bs.com\/wp-content\/uploads\/2023\/03\/3D-Cad-Modelling-2-1024x577.jpg 1024w, https:\/\/aics-bs.com\/wp-content\/uploads\/2023\/03\/3D-Cad-Modelling-2-300x169.jpg 300w, https:\/\/aics-bs.com\/wp-content\/uploads\/2023\/03\/3D-Cad-Modelling-2-768x432.jpg 768w, https:\/\/aics-bs.com\/wp-content\/uploads\/2023\/03\/3D-Cad-Modelling-2.jpg 1364w\" sizes=\"auto, (max-width: 1024px) 100vw, 1024px\" \/>\t\t\t\t\t\t\t\t\t\t\t\t\t\t<\/div>\n\t\t\t\t\t\t<\/div>\n\t\t\t\t<\/div>\n\t\t\t\t\t\t<\/div>\n\t\t\t\t\t<\/div>\n\t\t<\/div>\n\t\t\t\t\t\t\t\t<\/div>\n\t\t\t\t\t<\/div>\n\t\t<\/section>\n\t\t\t\t<section class=\"elementor-section elementor-top-section elementor-element elementor-element-40123a5 elementor-section-boxed elementor-section-height-default elementor-section-height-default\" data-id=\"40123a5\" data-element_type=\"section\">\n\t\t\t\t\t\t<div class=\"elementor-container elementor-column-gap-default\">\n\t\t\t\t\t\t\t<div class=\"elementor-row\">\n\t\t\t\t\t<div class=\"elementor-column elementor-col-33 elementor-top-column elementor-element elementor-element-0c4df31\" data-id=\"0c4df31\" data-element_type=\"column\">\n\t\t\t<div class=\"elementor-column-wrap elementor-element-populated\">\n\t\t\t\t\t\t\t<div class=\"elementor-widget-wrap\">\n\t\t\t\t\t\t<div class=\"elementor-element elementor-element-e24022a elementor-widget elementor-widget-image\" data-id=\"e24022a\" data-element_type=\"widget\" data-widget_type=\"image.default\">\n\t\t\t\t<div class=\"elementor-widget-container\">\n\t\t\t\t\t\t\t\t<div class=\"elementor-image\">\n\t\t\t\t\t\t\t\t\t\t\t\t<img loading=\"lazy\" decoding=\"async\" width=\"768\" height=\"1024\" src=\"https:\/\/aics-bs.com\/wp-content\/uploads\/2023\/03\/IMG-20230224-WA0004-4-768x1024.jpg\" class=\"attachment-large size-large\" alt=\"\" srcset=\"https:\/\/aics-bs.com\/wp-content\/uploads\/2023\/03\/IMG-20230224-WA0004-4-768x1024.jpg 768w, https:\/\/aics-bs.com\/wp-content\/uploads\/2023\/03\/IMG-20230224-WA0004-4-225x300.jpg 225w, https:\/\/aics-bs.com\/wp-content\/uploads\/2023\/03\/IMG-20230224-WA0004-4-1152x1536.jpg 1152w, https:\/\/aics-bs.com\/wp-content\/uploads\/2023\/03\/IMG-20230224-WA0004-4.jpg 1536w\" sizes=\"auto, (max-width: 768px) 100vw, 768px\" \/>\t\t\t\t\t\t\t\t\t\t\t\t\t\t<\/div>\n\t\t\t\t\t\t<\/div>\n\t\t\t\t<\/div>\n\t\t\t\t\t\t<\/div>\n\t\t\t\t\t<\/div>\n\t\t<\/div>\n\t\t\t\t<div class=\"elementor-column elementor-col-33 elementor-top-column elementor-element elementor-element-20a420d\" data-id=\"20a420d\" data-element_type=\"column\">\n\t\t\t<div class=\"elementor-column-wrap elementor-element-populated\">\n\t\t\t\t\t\t\t<div class=\"elementor-widget-wrap\">\n\t\t\t\t\t\t<div class=\"elementor-element elementor-element-dfd885d elementor-widget elementor-widget-image\" data-id=\"dfd885d\" data-element_type=\"widget\" data-widget_type=\"image.default\">\n\t\t\t\t<div class=\"elementor-widget-container\">\n\t\t\t\t\t\t\t\t<div class=\"elementor-image\">\n\t\t\t\t\t\t\t\t\t\t\t\t<img loading=\"lazy\" decoding=\"async\" width=\"768\" height=\"1024\" src=\"https:\/\/aics-bs.com\/wp-content\/uploads\/2023\/03\/IMG-20230224-WA0010-3-768x1024.jpg\" class=\"attachment-large size-large\" alt=\"\" srcset=\"https:\/\/aics-bs.com\/wp-content\/uploads\/2023\/03\/IMG-20230224-WA0010-3-768x1024.jpg 768w, https:\/\/aics-bs.com\/wp-content\/uploads\/2023\/03\/IMG-20230224-WA0010-3-225x300.jpg 225w, https:\/\/aics-bs.com\/wp-content\/uploads\/2023\/03\/IMG-20230224-WA0010-3-1152x1536.jpg 1152w, https:\/\/aics-bs.com\/wp-content\/uploads\/2023\/03\/IMG-20230224-WA0010-3.jpg 1536w\" sizes=\"auto, (max-width: 768px) 100vw, 768px\" \/>\t\t\t\t\t\t\t\t\t\t\t\t\t\t<\/div>\n\t\t\t\t\t\t<\/div>\n\t\t\t\t<\/div>\n\t\t\t\t\t\t<\/div>\n\t\t\t\t\t<\/div>\n\t\t<\/div>\n\t\t\t\t<div class=\"elementor-column elementor-col-33 elementor-top-column elementor-element elementor-element-0e28364\" data-id=\"0e28364\" data-element_type=\"column\">\n\t\t\t<div class=\"elementor-column-wrap elementor-element-populated\">\n\t\t\t\t\t\t\t<div class=\"elementor-widget-wrap\">\n\t\t\t\t\t\t<div class=\"elementor-element elementor-element-7c69989 elementor-widget elementor-widget-image\" data-id=\"7c69989\" data-element_type=\"widget\" data-widget_type=\"image.default\">\n\t\t\t\t<div class=\"elementor-widget-container\">\n\t\t\t\t\t\t\t\t<div class=\"elementor-image\">\n\t\t\t\t\t\t\t\t\t\t\t\t<img loading=\"lazy\" decoding=\"async\" width=\"768\" height=\"1024\" src=\"https:\/\/aics-bs.com\/wp-content\/uploads\/2023\/03\/IMG-20230224-WA0017-4-768x1024.jpg\" class=\"attachment-large size-large\" alt=\"\" srcset=\"https:\/\/aics-bs.com\/wp-content\/uploads\/2023\/03\/IMG-20230224-WA0017-4-768x1024.jpg 768w, https:\/\/aics-bs.com\/wp-content\/uploads\/2023\/03\/IMG-20230224-WA0017-4-225x300.jpg 225w, https:\/\/aics-bs.com\/wp-content\/uploads\/2023\/03\/IMG-20230224-WA0017-4-1152x1536.jpg 1152w, https:\/\/aics-bs.com\/wp-content\/uploads\/2023\/03\/IMG-20230224-WA0017-4.jpg 1536w\" sizes=\"auto, (max-width: 768px) 100vw, 768px\" \/>\t\t\t\t\t\t\t\t\t\t\t\t\t\t<\/div>\n\t\t\t\t\t\t<\/div>\n\t\t\t\t<\/div>\n\t\t\t\t\t\t<\/div>\n\t\t\t\t\t<\/div>\n\t\t<\/div>\n\t\t\t\t\t\t\t\t<\/div>\n\t\t\t\t\t<\/div>\n\t\t<\/section>\n\t\t\t\t<section class=\"elementor-section elementor-top-section elementor-element elementor-element-16b5b10 elementor-section-boxed elementor-section-height-default elementor-section-height-default\" data-id=\"16b5b10\" data-element_type=\"section\">\n\t\t\t\t\t\t<div class=\"elementor-container elementor-column-gap-default\">\n\t\t\t\t\t\t\t<div class=\"elementor-row\">\n\t\t\t\t\t<div class=\"elementor-column elementor-col-50 elementor-top-column elementor-element elementor-element-bb8731a\" data-id=\"bb8731a\" data-element_type=\"column\">\n\t\t\t<div class=\"elementor-column-wrap elementor-element-populated\">\n\t\t\t\t\t\t\t<div class=\"elementor-widget-wrap\">\n\t\t\t\t\t\t<div class=\"elementor-element elementor-element-d3dfcb5 elementor-widget elementor-widget-image\" data-id=\"d3dfcb5\" data-element_type=\"widget\" data-widget_type=\"image.default\">\n\t\t\t\t<div class=\"elementor-widget-container\">\n\t\t\t\t\t\t\t\t<div class=\"elementor-image\">\n\t\t\t\t\t\t\t\t\t\t\t\t<img loading=\"lazy\" decoding=\"async\" width=\"768\" height=\"1024\" src=\"https:\/\/aics-bs.com\/wp-content\/uploads\/2023\/03\/IMG-20230224-WA0039-768x1024.jpg\" class=\"attachment-large size-large\" alt=\"\" srcset=\"https:\/\/aics-bs.com\/wp-content\/uploads\/2023\/03\/IMG-20230224-WA0039-768x1024.jpg 768w, https:\/\/aics-bs.com\/wp-content\/uploads\/2023\/03\/IMG-20230224-WA0039-225x300.jpg 225w, https:\/\/aics-bs.com\/wp-content\/uploads\/2023\/03\/IMG-20230224-WA0039-1152x1536.jpg 1152w, https:\/\/aics-bs.com\/wp-content\/uploads\/2023\/03\/IMG-20230224-WA0039.jpg 1536w\" sizes=\"auto, (max-width: 768px) 100vw, 768px\" \/>\t\t\t\t\t\t\t\t\t\t\t\t\t\t<\/div>\n\t\t\t\t\t\t<\/div>\n\t\t\t\t<\/div>\n\t\t\t\t\t\t<\/div>\n\t\t\t\t\t<\/div>\n\t\t<\/div>\n\t\t\t\t<div class=\"elementor-column elementor-col-50 elementor-top-column elementor-element elementor-element-3f571b2\" data-id=\"3f571b2\" data-element_type=\"column\">\n\t\t\t<div class=\"elementor-column-wrap elementor-element-populated\">\n\t\t\t\t\t\t\t<div class=\"elementor-widget-wrap\">\n\t\t\t\t\t\t<div class=\"elementor-element elementor-element-b10da9e elementor-widget elementor-widget-image\" data-id=\"b10da9e\" data-element_type=\"widget\" data-widget_type=\"image.default\">\n\t\t\t\t<div class=\"elementor-widget-container\">\n\t\t\t\t\t\t\t\t<div class=\"elementor-image\">\n\t\t\t\t\t\t\t\t\t\t\t\t<img loading=\"lazy\" decoding=\"async\" width=\"768\" height=\"1024\" src=\"https:\/\/aics-bs.com\/wp-content\/uploads\/2023\/03\/IMG-20230224-WA0025-2-768x1024.jpg\" class=\"attachment-large size-large\" alt=\"\" srcset=\"https:\/\/aics-bs.com\/wp-content\/uploads\/2023\/03\/IMG-20230224-WA0025-2-768x1024.jpg 768w, https:\/\/aics-bs.com\/wp-content\/uploads\/2023\/03\/IMG-20230224-WA0025-2-225x300.jpg 225w, https:\/\/aics-bs.com\/wp-content\/uploads\/2023\/03\/IMG-20230224-WA0025-2-1152x1536.jpg 1152w, https:\/\/aics-bs.com\/wp-content\/uploads\/2023\/03\/IMG-20230224-WA0025-2.jpg 1536w\" sizes=\"auto, (max-width: 768px) 100vw, 768px\" \/>\t\t\t\t\t\t\t\t\t\t\t\t\t\t<\/div>\n\t\t\t\t\t\t<\/div>\n\t\t\t\t<\/div>\n\t\t\t\t\t\t<\/div>\n\t\t\t\t\t<\/div>\n\t\t<\/div>\n\t\t\t\t\t\t\t\t<\/div>\n\t\t\t\t\t<\/div>\n\t\t<\/section>\n\t\t\t\t<section class=\"elementor-section elementor-top-section elementor-element elementor-element-60e6f8b elementor-section-boxed elementor-section-height-default elementor-section-height-default\" data-id=\"60e6f8b\" data-element_type=\"section\">\n\t\t\t\t\t\t<div class=\"elementor-container elementor-column-gap-default\">\n\t\t\t\t\t\t\t<div class=\"elementor-row\">\n\t\t\t\t\t<div class=\"elementor-column elementor-col-100 elementor-top-column elementor-element elementor-element-6e2eba2\" data-id=\"6e2eba2\" data-element_type=\"column\">\n\t\t\t<div class=\"elementor-column-wrap elementor-element-populated\">\n\t\t\t\t\t\t\t<div class=\"elementor-widget-wrap\">\n\t\t\t\t\t\t<div class=\"elementor-element elementor-element-2abffdd elementor-widget elementor-widget-image\" data-id=\"2abffdd\" data-element_type=\"widget\" data-widget_type=\"image.default\">\n\t\t\t\t<div class=\"elementor-widget-container\">\n\t\t\t\t\t\t\t\t<div class=\"elementor-image\">\n\t\t\t\t\t\t\t\t\t\t\t\t<img loading=\"lazy\" decoding=\"async\" width=\"724\" height=\"1024\" src=\"https:\/\/aics-bs.com\/wp-content\/uploads\/2026\/02\/ISO9001-2015-TUV-NORD-AICS-BS-DAKKS-2026.02.17-DE_2-724x1024.jpg\" class=\"attachment-large size-large\" alt=\"\" srcset=\"https:\/\/aics-bs.com\/wp-content\/uploads\/2026\/02\/ISO9001-2015-TUV-NORD-AICS-BS-DAKKS-2026.02.17-DE_2-724x1024.jpg 724w, https:\/\/aics-bs.com\/wp-content\/uploads\/2026\/02\/ISO9001-2015-TUV-NORD-AICS-BS-DAKKS-2026.02.17-DE_2-212x300.jpg 212w, https:\/\/aics-bs.com\/wp-content\/uploads\/2026\/02\/ISO9001-2015-TUV-NORD-AICS-BS-DAKKS-2026.02.17-DE_2-768x1086.jpg 768w, https:\/\/aics-bs.com\/wp-content\/uploads\/2026\/02\/ISO9001-2015-TUV-NORD-AICS-BS-DAKKS-2026.02.17-DE_2-1086x1536.jpg 1086w, https:\/\/aics-bs.com\/wp-content\/uploads\/2026\/02\/ISO9001-2015-TUV-NORD-AICS-BS-DAKKS-2026.02.17-DE_2.jpg 1240w\" sizes=\"auto, (max-width: 724px) 100vw, 724px\" \/>\t\t\t\t\t\t\t\t\t\t\t\t\t\t<\/div>\n\t\t\t\t\t\t<\/div>\n\t\t\t\t<\/div>\n\t\t\t\t\t\t<\/div>\n\t\t\t\t\t<\/div>\n\t\t<\/div>\n\t\t\t\t\t\t\t\t<\/div>\n\t\t\t\t\t<\/div>\n\t\t<\/section>\n\t\t\t\t\t\t\t\t\t<\/div>\n\t\t\t<\/div>\n\t\t\t\t\t<\/div>\n\t\t","protected":false},"excerpt":{"rendered":"<p>Qualit\u00e4t Gute Produkte entstehen selten durch Zufall. Wir stellen hohe Qualit\u00e4tsanforderungen, ebenso wie unsere Kunden. Unser Betrieb und unser Service sind alle von erstklassiger Qualit\u00e4t. Die Arbeit wird mit einer langfristigen Perspektive und durch gute Kommunikation mit unseren Kunden ausgef\u00fchrt. Als AICS BUSINESS SOLUTIONS\u00a0 Mitarbeiter \u00fcbernehmen wir die Total Quality-Philosophie als dauerhafte Lebensweise und \u00fcbernehmen [&hellip;]<\/p>\n","protected":false},"author":1,"featured_media":0,"parent":0,"menu_order":0,"comment_status":"closed","ping_status":"closed","template":"","meta":{"footnotes":""},"class_list":["post-928","page","type-page","status-publish","hentry","entry"],"yoast_head":"<!-- This site is optimized with the Yoast SEO plugin v16.2 - https:\/\/yoast.com\/wordpress\/plugins\/seo\/ -->\n<title>Qualit\u00e4t - AICS Business Solutions<\/title>\n<meta name=\"robots\" content=\"index, follow, max-snippet:-1, max-image-preview:large, max-video-preview:-1\" \/>\n<link rel=\"canonical\" href=\"https:\/\/aics-bs.com\/home\/?page_id=928&#038;lang=de\" \/>\n<meta property=\"og:locale\" content=\"en_US\" \/>\n<meta property=\"og:type\" content=\"article\" \/>\n<meta property=\"og:title\" content=\"Qualit\u00e4t - AICS Business Solutions\" \/>\n<meta property=\"og:description\" content=\"Qualit\u00e4t Gute Produkte entstehen selten durch Zufall. Wir stellen hohe Qualit\u00e4tsanforderungen, ebenso wie unsere Kunden. Unser Betrieb und unser Service sind alle von erstklassiger Qualit\u00e4t. Die Arbeit wird mit einer langfristigen Perspektive und durch gute Kommunikation mit unseren Kunden ausgef\u00fchrt. Als AICS BUSINESS SOLUTIONS\u00a0 Mitarbeiter \u00fcbernehmen wir die Total Quality-Philosophie als dauerhafte Lebensweise und \u00fcbernehmen [&hellip;]\" \/>\n<meta property=\"og:url\" content=\"https:\/\/aics-bs.com\/home\/?page_id=928&amp;lang=de\" \/>\n<meta property=\"og:site_name\" content=\"AICS Business Solutions\" \/>\n<meta property=\"article:modified_time\" content=\"2026-02-18T13:37:58+00:00\" \/>\n<meta property=\"og:image\" content=\"http:\/\/aics-bs.com\/wp-content\/uploads\/2020\/03\/Quality-CMM-8-1.jpg\" \/>\n<meta name=\"twitter:card\" content=\"summary_large_image\" \/>\n<meta name=\"twitter:label1\" content=\"Est. reading time\">\n\t<meta name=\"twitter:data1\" content=\"3 minutes\">\n<script type=\"application\/ld+json\" class=\"yoast-schema-graph\">{\"@context\":\"https:\/\/schema.org\",\"@graph\":[{\"@type\":\"Organization\",\"@id\":\"http:\/\/aics-bs.com\/home\/#organization\",\"name\":\"AICS Business Solutions \\u00c7elik San. ve Tic. \\u015eti.\",\"url\":\"http:\/\/aics-bs.com\/home\/\",\"sameAs\":[],\"logo\":{\"@type\":\"ImageObject\",\"@id\":\"http:\/\/aics-bs.com\/home\/#logo\",\"inLanguage\":\"en-US\",\"url\":\"https:\/\/aics-bs.com\/wp-content\/uploads\/2020\/01\/AICS_logo.png\",\"contentUrl\":\"https:\/\/aics-bs.com\/wp-content\/uploads\/2020\/01\/AICS_logo.png\",\"width\":2421,\"height\":2371,\"caption\":\"AICS Business Solutions \\u00c7elik San. ve Tic. \\u015eti.\"},\"image\":{\"@id\":\"http:\/\/aics-bs.com\/home\/#logo\"}},{\"@type\":\"WebSite\",\"@id\":\"http:\/\/aics-bs.com\/home\/#website\",\"url\":\"http:\/\/aics-bs.com\/home\/\",\"name\":\"AICS Business Solutions\",\"description\":\"web\",\"publisher\":{\"@id\":\"http:\/\/aics-bs.com\/home\/#organization\"},\"potentialAction\":[{\"@type\":\"SearchAction\",\"target\":\"http:\/\/aics-bs.com\/home\/?s={search_term_string}\",\"query-input\":\"required name=search_term_string\"}],\"inLanguage\":\"en-US\"},{\"@type\":\"ImageObject\",\"@id\":\"https:\/\/aics-bs.com\/home\/?page_id=928&lang=de#primaryimage\",\"inLanguage\":\"en-US\",\"url\":\"http:\/\/aics-bs.com\/wp-content\/uploads\/2020\/03\/Quality-CMM-8-1.jpg\",\"contentUrl\":\"http:\/\/aics-bs.com\/wp-content\/uploads\/2020\/03\/Quality-CMM-8-1.jpg\"},{\"@type\":\"WebPage\",\"@id\":\"https:\/\/aics-bs.com\/home\/?page_id=928&lang=de#webpage\",\"url\":\"https:\/\/aics-bs.com\/home\/?page_id=928&lang=de\",\"name\":\"Qualit\\u00e4t - AICS Business Solutions\",\"isPartOf\":{\"@id\":\"http:\/\/aics-bs.com\/home\/#website\"},\"primaryImageOfPage\":{\"@id\":\"https:\/\/aics-bs.com\/home\/?page_id=928&lang=de#primaryimage\"},\"datePublished\":\"2020-03-30T06:35:24+00:00\",\"dateModified\":\"2026-02-18T13:37:58+00:00\",\"breadcrumb\":{\"@id\":\"https:\/\/aics-bs.com\/home\/?page_id=928&lang=de#breadcrumb\"},\"inLanguage\":\"en-US\",\"potentialAction\":[{\"@type\":\"ReadAction\",\"target\":[\"https:\/\/aics-bs.com\/home\/?page_id=928&lang=de\"]}]},{\"@type\":\"BreadcrumbList\",\"@id\":\"https:\/\/aics-bs.com\/home\/?page_id=928&lang=de#breadcrumb\",\"itemListElement\":[{\"@type\":\"ListItem\",\"position\":1,\"item\":{\"@type\":\"WebPage\",\"@id\":\"https:\/\/aics-bs.com\/home\/\",\"url\":\"https:\/\/aics-bs.com\/home\/\",\"name\":\"Ana sayfa\"}},{\"@type\":\"ListItem\",\"position\":2,\"item\":{\"@id\":\"https:\/\/aics-bs.com\/home\/?page_id=928&lang=de#webpage\"}}]}]}<\/script>\n<!-- \/ Yoast SEO plugin. -->","_links":{"self":[{"href":"https:\/\/aics-bs.com\/home\/index.php?rest_route=\/wp\/v2\/pages\/928","targetHints":{"allow":["GET"]}}],"collection":[{"href":"https:\/\/aics-bs.com\/home\/index.php?rest_route=\/wp\/v2\/pages"}],"about":[{"href":"https:\/\/aics-bs.com\/home\/index.php?rest_route=\/wp\/v2\/types\/page"}],"author":[{"embeddable":true,"href":"https:\/\/aics-bs.com\/home\/index.php?rest_route=\/wp\/v2\/users\/1"}],"replies":[{"embeddable":true,"href":"https:\/\/aics-bs.com\/home\/index.php?rest_route=%2Fwp%2Fv2%2Fcomments&post=928"}],"version-history":[{"count":30,"href":"https:\/\/aics-bs.com\/home\/index.php?rest_route=\/wp\/v2\/pages\/928\/revisions"}],"predecessor-version":[{"id":1839,"href":"https:\/\/aics-bs.com\/home\/index.php?rest_route=\/wp\/v2\/pages\/928\/revisions\/1839"}],"wp:attachment":[{"href":"https:\/\/aics-bs.com\/home\/index.php?rest_route=%2Fwp%2Fv2%2Fmedia&parent=928"}],"curies":[{"name":"wp","href":"https:\/\/api.w.org\/{rel}","templated":true}]}}