{"id":909,"date":"2020-03-26T12:48:31","date_gmt":"2020-03-26T12:48:31","guid":{"rendered":"http:\/\/aics-bs.com\/home\/?page_id=909"},"modified":"2020-03-26T12:53:22","modified_gmt":"2020-03-26T12:53:22","slug":"oberflachenbehandlung","status":"publish","type":"page","link":"https:\/\/aics-bs.com\/home\/?page_id=909&lang=de","title":{"rendered":"Oberfl\u00e4chenbehandlung"},"content":{"rendered":"\t\t<div data-elementor-type=\"wp-page\" data-elementor-id=\"909\" class=\"elementor elementor-909\">\n\t\t\t\t\t\t<div class=\"elementor-inner\">\n\t\t\t\t<div class=\"elementor-section-wrap\">\n\t\t\t\t\t\t\t\t\t<section class=\"elementor-section elementor-top-section elementor-element elementor-element-a58a167 elementor-section-boxed elementor-section-height-default elementor-section-height-default\" data-id=\"a58a167\" data-element_type=\"section\">\n\t\t\t\t\t\t<div class=\"elementor-container elementor-column-gap-default\">\n\t\t\t\t\t\t\t<div class=\"elementor-row\">\n\t\t\t\t\t<div class=\"elementor-column elementor-col-100 elementor-top-column elementor-element elementor-element-cf115a3\" data-id=\"cf115a3\" data-element_type=\"column\">\n\t\t\t<div class=\"elementor-column-wrap elementor-element-populated\">\n\t\t\t\t\t\t\t<div class=\"elementor-widget-wrap\">\n\t\t\t\t\t\t<div class=\"elementor-element elementor-element-4f7f501b elementor-widget elementor-widget-heading\" data-id=\"4f7f501b\" data-element_type=\"widget\" data-widget_type=\"heading.default\">\n\t\t\t\t<div class=\"elementor-widget-container\">\n\t\t\t<h4 class=\"elementor-heading-title elementor-size-default\">Oberfl\u00e4chenbehandlung<\/h4>\t\t<\/div>\n\t\t\t\t<\/div>\n\t\t\t\t<div class=\"elementor-element elementor-element-55e7c25 elementor-widget elementor-widget-spacer\" data-id=\"55e7c25\" data-element_type=\"widget\" data-widget_type=\"spacer.default\">\n\t\t\t\t<div class=\"elementor-widget-container\">\n\t\t\t\t\t<div class=\"elementor-spacer\">\n\t\t\t<div class=\"elementor-spacer-inner\"><\/div>\n\t\t<\/div>\n\t\t\t\t<\/div>\n\t\t\t\t<\/div>\n\t\t\t\t<div class=\"elementor-element elementor-element-b312131 elementor-widget elementor-widget-text-editor\" data-id=\"b312131\" data-element_type=\"widget\" data-widget_type=\"text-editor.default\">\n\t\t\t\t<div class=\"elementor-widget-container\">\n\t\t\t\t\t\t\t\t<div class=\"elementor-text-editor elementor-clearfix\">\n\t\t\t\t<p style=\"font-weight:bold;font-size:16px\">Wir k\u00f6nnen fertige Produkte mit Oberfl\u00e4chenbehandlungen anbieten wie:<\/p>\n<ul>\n \t<li>Galvanisierung<\/li>\n \t<li>Elektropolieren<\/li>\n \t<li>Zink-Nickel-Beschichtung<\/li>\n \t<li>Manganphosphat-Beschichtung<\/li>\n \t<li>Chrom- und Hartchromatierung<\/li>\n \t<li>Kataphorese-Beschichtung<\/li>\n \t<li>Pulverbeschichtung in verschiedenen RAL-Farben<\/li>\n \t<li>u.v.m.<\/li>\n<\/ul>\t\t\t\t\t<\/div>\n\t\t\t\t\t\t<\/div>\n\t\t\t\t<\/div>\n\t\t\t\t\t\t<\/div>\n\t\t\t\t\t<\/div>\n\t\t<\/div>\n\t\t\t\t\t\t\t\t<\/div>\n\t\t\t\t\t<\/div>\n\t\t<\/section>\n\t\t\t\t<section class=\"elementor-section elementor-top-section elementor-element elementor-element-365c486 elementor-section-boxed elementor-section-height-default elementor-section-height-default elementor-invisible\" data-id=\"365c486\" data-element_type=\"section\" data-settings=\"{&quot;animation&quot;:&quot;fadeInUp&quot;}\">\n\t\t\t\t\t\t<div class=\"elementor-container elementor-column-gap-default\">\n\t\t\t\t\t\t\t<div class=\"elementor-row\">\n\t\t\t\t\t<div class=\"elementor-column elementor-col-100 elementor-top-column elementor-element elementor-element-def91d9\" data-id=\"def91d9\" data-element_type=\"column\">\n\t\t\t<div class=\"elementor-column-wrap elementor-element-populated\">\n\t\t\t\t\t\t\t<div class=\"elementor-widget-wrap\">\n\t\t\t\t\t\t<div class=\"elementor-element elementor-element-932d2d9 elementor-widget elementor-widget-spacer\" data-id=\"932d2d9\" data-element_type=\"widget\" data-widget_type=\"spacer.default\">\n\t\t\t\t<div class=\"elementor-widget-container\">\n\t\t\t\t\t<div class=\"elementor-spacer\">\n\t\t\t<div class=\"elementor-spacer-inner\"><\/div>\n\t\t<\/div>\n\t\t\t\t<\/div>\n\t\t\t\t<\/div>\n\t\t\t\t<div class=\"elementor-element elementor-element-10f2b7f elementor-arrows-position-outside elementor-pagination-position-outside elementor-widget elementor-widget-image-carousel\" data-id=\"10f2b7f\" data-element_type=\"widget\" data-settings=\"{&quot;navigation&quot;:&quot;both&quot;,&quot;autoplay&quot;:&quot;yes&quot;,&quot;pause_on_hover&quot;:&quot;yes&quot;,&quot;pause_on_interaction&quot;:&quot;yes&quot;,&quot;autoplay_speed&quot;:5000,&quot;infinite&quot;:&quot;yes&quot;,&quot;speed&quot;:500}\" data-widget_type=\"image-carousel.default\">\n\t\t\t\t<div class=\"elementor-widget-container\">\n\t\t\t\t\t<div class=\"elementor-image-carousel-wrapper swiper-container\" dir=\"ltr\">\n\t\t\t<div class=\"elementor-image-carousel swiper-wrapper\">\n\t\t\t\t\t\t\t\t<div class=\"swiper-slide\"><a data-elementor-open-lightbox=\"yes\" data-elementor-lightbox-slideshow=\"10f2b7f\" data-elementor-lightbox-title=\"akimsiz-nikel-kaplama_4\" e-action-hash=\"#elementor-action%3Aaction%3Dlightbox%26settings%3DeyJpZCI6NDM3LCJ1cmwiOiJodHRwczpcL1wvYWljcy1icy5jb21cL3dwLWNvbnRlbnRcL3VwbG9hZHNcLzIwMjBcLzAxXC9ha2ltc2l6LW5pa2VsLWthcGxhbWFfNC5qcGciLCJzbGlkZXNob3ciOiIxMGYyYjdmIn0%3D\" href=\"https:\/\/aics-bs.com\/wp-content\/uploads\/2020\/01\/akimsiz-nikel-kaplama_4.jpg\"><figure class=\"swiper-slide-inner\"><img decoding=\"async\" class=\"swiper-slide-image\" src=\"https:\/\/aics-bs.com\/wp-content\/uploads\/2020\/01\/akimsiz-nikel-kaplama_4-300x206.jpg\" alt=\"akimsiz-nikel-kaplama_4\" \/><\/figure><\/a><\/div><div class=\"swiper-slide\"><a data-elementor-open-lightbox=\"yes\" data-elementor-lightbox-slideshow=\"10f2b7f\" data-elementor-lightbox-title=\"cinko-fosfat-kaplama_1\" e-action-hash=\"#elementor-action%3Aaction%3Dlightbox%26settings%3DeyJpZCI6NDM4LCJ1cmwiOiJodHRwczpcL1wvYWljcy1icy5jb21cL3dwLWNvbnRlbnRcL3VwbG9hZHNcLzIwMjBcLzAxXC9jaW5rby1mb3NmYXQta2FwbGFtYV8xLmpwZyIsInNsaWRlc2hvdyI6IjEwZjJiN2YifQ%3D%3D\" href=\"https:\/\/aics-bs.com\/wp-content\/uploads\/2020\/01\/cinko-fosfat-kaplama_1.jpg\"><figure class=\"swiper-slide-inner\"><img decoding=\"async\" class=\"swiper-slide-image\" src=\"https:\/\/aics-bs.com\/wp-content\/uploads\/2020\/01\/cinko-fosfat-kaplama_1-300x206.jpg\" alt=\"cinko-fosfat-kaplama_1\" \/><\/figure><\/a><\/div><div class=\"swiper-slide\"><a data-elementor-open-lightbox=\"yes\" data-elementor-lightbox-slideshow=\"10f2b7f\" e-action-hash=\"#elementor-action%3Aaction%3Dlightbox%26settings%3DeyJpZCI6NDM5LCJ1cmwiOiJodHRwczpcL1wvYWljcy1icy5jb21cL3dwLWNvbnRlbnRcL3VwbG9hZHNcLzIwMjBcLzAxXC9lbG9rc2FsLWthcGxhbWFfMy5qcGciLCJzbGlkZXNob3ciOiIxMGYyYjdmIn0%3D\" href=\"https:\/\/aics-bs.com\/wp-content\/uploads\/2020\/01\/eloksal-kaplama_3.jpg\"><figure class=\"swiper-slide-inner\"><img decoding=\"async\" class=\"swiper-slide-image\" src=\"https:\/\/aics-bs.com\/wp-content\/uploads\/2020\/01\/eloksal-kaplama_3-300x206.jpg\" alt=\"\" \/><\/figure><\/a><\/div><div class=\"swiper-slide\"><a data-elementor-open-lightbox=\"yes\" data-elementor-lightbox-slideshow=\"10f2b7f\" data-elementor-lightbox-title=\"mangan-fosfat-kaplama_1\" e-action-hash=\"#elementor-action%3Aaction%3Dlightbox%26settings%3DeyJpZCI6NDQwLCJ1cmwiOiJodHRwczpcL1wvYWljcy1icy5jb21cL3dwLWNvbnRlbnRcL3VwbG9hZHNcLzIwMjBcLzAxXC9tYW5nYW4tZm9zZmF0LWthcGxhbWFfMS5qcGciLCJzbGlkZXNob3ciOiIxMGYyYjdmIn0%3D\" href=\"https:\/\/aics-bs.com\/wp-content\/uploads\/2020\/01\/mangan-fosfat-kaplama_1.jpg\"><figure class=\"swiper-slide-inner\"><img decoding=\"async\" class=\"swiper-slide-image\" src=\"https:\/\/aics-bs.com\/wp-content\/uploads\/2020\/01\/mangan-fosfat-kaplama_1-300x206.jpg\" alt=\"mangan-fosfat-kaplama_1\" \/><\/figure><\/a><\/div><div class=\"swiper-slide\"><a data-elementor-open-lightbox=\"yes\" data-elementor-lightbox-slideshow=\"10f2b7f\" data-elementor-lightbox-title=\"mf1\" e-action-hash=\"#elementor-action%3Aaction%3Dlightbox%26settings%3DeyJpZCI6NDQxLCJ1cmwiOiJodHRwczpcL1wvYWljcy1icy5jb21cL3dwLWNvbnRlbnRcL3VwbG9hZHNcLzIwMjBcLzAxXC9tZjEuanBnIiwic2xpZGVzaG93IjoiMTBmMmI3ZiJ9\" href=\"https:\/\/aics-bs.com\/wp-content\/uploads\/2020\/01\/mf1.jpg\"><figure class=\"swiper-slide-inner\"><img decoding=\"async\" class=\"swiper-slide-image\" src=\"https:\/\/aics-bs.com\/wp-content\/uploads\/2020\/01\/mf1-300x146.jpg\" alt=\"mf1\" \/><\/figure><\/a><\/div><div class=\"swiper-slide\"><a data-elementor-open-lightbox=\"yes\" data-elementor-lightbox-slideshow=\"10f2b7f\" data-elementor-lightbox-title=\"mf2\" e-action-hash=\"#elementor-action%3Aaction%3Dlightbox%26settings%3DeyJpZCI6NDQyLCJ1cmwiOiJodHRwczpcL1wvYWljcy1icy5jb21cL3dwLWNvbnRlbnRcL3VwbG9hZHNcLzIwMjBcLzAxXC9tZjIuanBnIiwic2xpZGVzaG93IjoiMTBmMmI3ZiJ9\" href=\"https:\/\/aics-bs.com\/wp-content\/uploads\/2020\/01\/mf2.jpg\"><figure class=\"swiper-slide-inner\"><img decoding=\"async\" class=\"swiper-slide-image\" src=\"https:\/\/aics-bs.com\/wp-content\/uploads\/2020\/01\/mf2-300x200.jpg\" alt=\"mf2\" \/><\/figure><\/a><\/div><div class=\"swiper-slide\"><a data-elementor-open-lightbox=\"yes\" data-elementor-lightbox-slideshow=\"10f2b7f\" data-elementor-lightbox-title=\"mf3\" e-action-hash=\"#elementor-action%3Aaction%3Dlightbox%26settings%3DeyJpZCI6NDQzLCJ1cmwiOiJodHRwczpcL1wvYWljcy1icy5jb21cL3dwLWNvbnRlbnRcL3VwbG9hZHNcLzIwMjBcLzAxXC9tZjMuanBnIiwic2xpZGVzaG93IjoiMTBmMmI3ZiJ9\" href=\"https:\/\/aics-bs.com\/wp-content\/uploads\/2020\/01\/mf3.jpg\"><figure class=\"swiper-slide-inner\"><img decoding=\"async\" class=\"swiper-slide-image\" src=\"https:\/\/aics-bs.com\/wp-content\/uploads\/2020\/01\/mf3-300x188.jpg\" alt=\"mf3\" \/><\/figure><\/a><\/div><div class=\"swiper-slide\"><a data-elementor-open-lightbox=\"yes\" data-elementor-lightbox-slideshow=\"10f2b7f\" data-elementor-lightbox-title=\"mf4\" e-action-hash=\"#elementor-action%3Aaction%3Dlightbox%26settings%3DeyJpZCI6NDQ0LCJ1cmwiOiJodHRwczpcL1wvYWljcy1icy5jb21cL3dwLWNvbnRlbnRcL3VwbG9hZHNcLzIwMjBcLzAxXC9tZjQuanBnIiwic2xpZGVzaG93IjoiMTBmMmI3ZiJ9\" href=\"https:\/\/aics-bs.com\/wp-content\/uploads\/2020\/01\/mf4.jpg\"><figure class=\"swiper-slide-inner\"><img decoding=\"async\" class=\"swiper-slide-image\" src=\"https:\/\/aics-bs.com\/wp-content\/uploads\/2020\/01\/mf4-300x172.jpg\" alt=\"mf4\" \/><\/figure><\/a><\/div><div class=\"swiper-slide\"><a data-elementor-open-lightbox=\"yes\" data-elementor-lightbox-slideshow=\"10f2b7f\" data-elementor-lightbox-title=\"mf5.JPG\" e-action-hash=\"#elementor-action%3Aaction%3Dlightbox%26settings%3DeyJpZCI6NDQ1LCJ1cmwiOiJodHRwczpcL1wvYWljcy1icy5jb21cL3dwLWNvbnRlbnRcL3VwbG9hZHNcLzIwMjBcLzAxXC9tZjUuSlBHLmpwZyIsInNsaWRlc2hvdyI6IjEwZjJiN2YifQ%3D%3D\" href=\"https:\/\/aics-bs.com\/wp-content\/uploads\/2020\/01\/mf5.JPG.jpg\"><figure class=\"swiper-slide-inner\"><img decoding=\"async\" class=\"swiper-slide-image\" src=\"https:\/\/aics-bs.com\/wp-content\/uploads\/2020\/01\/mf5.JPG-300x141.jpg\" alt=\"mf5.JPG\" \/><\/figure><\/a><\/div><div class=\"swiper-slide\"><a data-elementor-open-lightbox=\"yes\" data-elementor-lightbox-slideshow=\"10f2b7f\" data-elementor-lightbox-title=\"sert-eloksal-kaplama_1\" e-action-hash=\"#elementor-action%3Aaction%3Dlightbox%26settings%3DeyJpZCI6NDQ2LCJ1cmwiOiJodHRwczpcL1wvYWljcy1icy5jb21cL3dwLWNvbnRlbnRcL3VwbG9hZHNcLzIwMjBcLzAxXC9zZXJ0LWVsb2tzYWwta2FwbGFtYV8xLmpwZyIsInNsaWRlc2hvdyI6IjEwZjJiN2YifQ%3D%3D\" href=\"https:\/\/aics-bs.com\/wp-content\/uploads\/2020\/01\/sert-eloksal-kaplama_1.jpg\"><figure class=\"swiper-slide-inner\"><img decoding=\"async\" class=\"swiper-slide-image\" src=\"https:\/\/aics-bs.com\/wp-content\/uploads\/2020\/01\/sert-eloksal-kaplama_1-300x206.jpg\" alt=\"sert-eloksal-kaplama_1\" \/><\/figure><\/a><\/div>\t\t\t<\/div>\n\t\t\t\t\t\t\t\t\t\t\t\t<div class=\"swiper-pagination\"><\/div>\n\t\t\t\t\t\t\t\t\t\t\t\t\t<div class=\"elementor-swiper-button elementor-swiper-button-prev\">\n\t\t\t\t\t\t<i aria-hidden=\"true\" class=\"eicon-chevron-left\"><\/i>\t\t\t\t\t\t<span class=\"elementor-screen-only\">Previous<\/span>\n\t\t\t\t\t<\/div>\n\t\t\t\t\t<div class=\"elementor-swiper-button elementor-swiper-button-next\">\n\t\t\t\t\t\t<i aria-hidden=\"true\" class=\"eicon-chevron-right\"><\/i>\t\t\t\t\t\t<span class=\"elementor-screen-only\">Next<\/span>\n\t\t\t\t\t<\/div>\n\t\t\t\t\t\t\t\t\t<\/div>\n\t\t\t\t<\/div>\n\t\t\t\t<\/div>\n\t\t\t\t\t\t<\/div>\n\t\t\t\t\t<\/div>\n\t\t<\/div>\n\t\t\t\t\t\t\t\t<\/div>\n\t\t\t\t\t<\/div>\n\t\t<\/section>\n\t\t\t\t\t\t\t\t\t<\/div>\n\t\t\t<\/div>\n\t\t\t\t\t<\/div>\n\t\t","protected":false},"excerpt":{"rendered":"<p>Oberfl\u00e4chenbehandlung Wir k\u00f6nnen fertige Produkte mit Oberfl\u00e4chenbehandlungen anbieten wie: Galvanisierung Elektropolieren Zink-Nickel-Beschichtung Manganphosphat-Beschichtung Chrom- und Hartchromatierung Kataphorese-Beschichtung Pulverbeschichtung in verschiedenen RAL-Farben u.v.m. Previous Next<\/p>\n","protected":false},"author":1,"featured_media":0,"parent":0,"menu_order":0,"comment_status":"closed","ping_status":"closed","template":"","meta":{"footnotes":""},"class_list":["post-909","page","type-page","status-publish","hentry","entry"],"yoast_head":"<!-- This site is optimized with the Yoast SEO plugin v16.2 - https:\/\/yoast.com\/wordpress\/plugins\/seo\/ -->\n<title>Oberfl\u00e4chenbehandlung - AICS Business Solutions<\/title>\n<meta name=\"robots\" content=\"index, follow, max-snippet:-1, max-image-preview:large, max-video-preview:-1\" \/>\n<link rel=\"canonical\" href=\"https:\/\/aics-bs.com\/home\/?page_id=909&#038;lang=de\" \/>\n<meta property=\"og:locale\" content=\"en_US\" \/>\n<meta property=\"og:type\" content=\"article\" \/>\n<meta property=\"og:title\" content=\"Oberfl\u00e4chenbehandlung - AICS Business Solutions\" \/>\n<meta property=\"og:description\" content=\"Oberfl\u00e4chenbehandlung Wir k\u00f6nnen fertige Produkte mit Oberfl\u00e4chenbehandlungen anbieten wie: Galvanisierung Elektropolieren Zink-Nickel-Beschichtung Manganphosphat-Beschichtung Chrom- und Hartchromatierung Kataphorese-Beschichtung Pulverbeschichtung in verschiedenen RAL-Farben u.v.m. Previous Next\" \/>\n<meta property=\"og:url\" content=\"https:\/\/aics-bs.com\/home\/?page_id=909&amp;lang=de\" \/>\n<meta property=\"og:site_name\" content=\"AICS Business Solutions\" \/>\n<meta property=\"article:modified_time\" content=\"2020-03-26T12:53:22+00:00\" \/>\n<meta property=\"og:image\" content=\"http:\/\/aics-bs.com\/wp-content\/uploads\/2020\/01\/akimsiz-nikel-kaplama_4-300x206.jpg\" \/>\n<meta name=\"twitter:card\" content=\"summary_large_image\" \/>\n<script type=\"application\/ld+json\" class=\"yoast-schema-graph\">{\"@context\":\"https:\/\/schema.org\",\"@graph\":[{\"@type\":\"Organization\",\"@id\":\"http:\/\/aics-bs.com\/home\/#organization\",\"name\":\"AICS Business Solutions \\u00c7elik San. ve Tic. \\u015eti.\",\"url\":\"http:\/\/aics-bs.com\/home\/\",\"sameAs\":[],\"logo\":{\"@type\":\"ImageObject\",\"@id\":\"http:\/\/aics-bs.com\/home\/#logo\",\"inLanguage\":\"en-US\",\"url\":\"https:\/\/aics-bs.com\/wp-content\/uploads\/2020\/01\/AICS_logo.png\",\"contentUrl\":\"https:\/\/aics-bs.com\/wp-content\/uploads\/2020\/01\/AICS_logo.png\",\"width\":2421,\"height\":2371,\"caption\":\"AICS Business Solutions \\u00c7elik San. ve Tic. \\u015eti.\"},\"image\":{\"@id\":\"http:\/\/aics-bs.com\/home\/#logo\"}},{\"@type\":\"WebSite\",\"@id\":\"http:\/\/aics-bs.com\/home\/#website\",\"url\":\"http:\/\/aics-bs.com\/home\/\",\"name\":\"AICS Business Solutions\",\"description\":\"web\",\"publisher\":{\"@id\":\"http:\/\/aics-bs.com\/home\/#organization\"},\"potentialAction\":[{\"@type\":\"SearchAction\",\"target\":\"http:\/\/aics-bs.com\/home\/?s={search_term_string}\",\"query-input\":\"required name=search_term_string\"}],\"inLanguage\":\"en-US\"},{\"@type\":\"ImageObject\",\"@id\":\"https:\/\/aics-bs.com\/home\/?page_id=909&lang=de#primaryimage\",\"inLanguage\":\"en-US\",\"url\":\"http:\/\/aics-bs.com\/wp-content\/uploads\/2020\/01\/akimsiz-nikel-kaplama_4-300x206.jpg\",\"contentUrl\":\"http:\/\/aics-bs.com\/wp-content\/uploads\/2020\/01\/akimsiz-nikel-kaplama_4-300x206.jpg\"},{\"@type\":\"WebPage\",\"@id\":\"https:\/\/aics-bs.com\/home\/?page_id=909&lang=de#webpage\",\"url\":\"https:\/\/aics-bs.com\/home\/?page_id=909&lang=de\",\"name\":\"Oberfl\\u00e4chenbehandlung - AICS Business Solutions\",\"isPartOf\":{\"@id\":\"http:\/\/aics-bs.com\/home\/#website\"},\"primaryImageOfPage\":{\"@id\":\"https:\/\/aics-bs.com\/home\/?page_id=909&lang=de#primaryimage\"},\"datePublished\":\"2020-03-26T12:48:31+00:00\",\"dateModified\":\"2020-03-26T12:53:22+00:00\",\"breadcrumb\":{\"@id\":\"https:\/\/aics-bs.com\/home\/?page_id=909&lang=de#breadcrumb\"},\"inLanguage\":\"en-US\",\"potentialAction\":[{\"@type\":\"ReadAction\",\"target\":[\"https:\/\/aics-bs.com\/home\/?page_id=909&lang=de\"]}]},{\"@type\":\"BreadcrumbList\",\"@id\":\"https:\/\/aics-bs.com\/home\/?page_id=909&lang=de#breadcrumb\",\"itemListElement\":[{\"@type\":\"ListItem\",\"position\":1,\"item\":{\"@type\":\"WebPage\",\"@id\":\"https:\/\/aics-bs.com\/home\/\",\"url\":\"https:\/\/aics-bs.com\/home\/\",\"name\":\"Ana sayfa\"}},{\"@type\":\"ListItem\",\"position\":2,\"item\":{\"@id\":\"https:\/\/aics-bs.com\/home\/?page_id=909&lang=de#webpage\"}}]}]}<\/script>\n<!-- \/ Yoast SEO plugin. -->","_links":{"self":[{"href":"https:\/\/aics-bs.com\/home\/index.php?rest_route=\/wp\/v2\/pages\/909","targetHints":{"allow":["GET"]}}],"collection":[{"href":"https:\/\/aics-bs.com\/home\/index.php?rest_route=\/wp\/v2\/pages"}],"about":[{"href":"https:\/\/aics-bs.com\/home\/index.php?rest_route=\/wp\/v2\/types\/page"}],"author":[{"embeddable":true,"href":"https:\/\/aics-bs.com\/home\/index.php?rest_route=\/wp\/v2\/users\/1"}],"replies":[{"embeddable":true,"href":"https:\/\/aics-bs.com\/home\/index.php?rest_route=%2Fwp%2Fv2%2Fcomments&post=909"}],"version-history":[{"count":3,"href":"https:\/\/aics-bs.com\/home\/index.php?rest_route=\/wp\/v2\/pages\/909\/revisions"}],"predecessor-version":[{"id":913,"href":"https:\/\/aics-bs.com\/home\/index.php?rest_route=\/wp\/v2\/pages\/909\/revisions\/913"}],"wp:attachment":[{"href":"https:\/\/aics-bs.com\/home\/index.php?rest_route=%2Fwp%2Fv2%2Fmedia&parent=909"}],"curies":[{"name":"wp","href":"https:\/\/api.w.org\/{rel}","templated":true}]}}