{"id":780,"date":"2020-03-24T10:02:37","date_gmt":"2020-03-24T10:02:37","guid":{"rendered":"http:\/\/aics-bs.com\/home\/?page_id=780"},"modified":"2026-02-18T13:52:16","modified_gmt":"2026-02-18T13:52:16","slug":"kalite-ve-sorumluluk","status":"publish","type":"page","link":"https:\/\/aics-bs.com\/home\/?page_id=780&lang=tr","title":{"rendered":"Kalite ve sorumluluk"},"content":{"rendered":"\t\t<div data-elementor-type=\"wp-page\" data-elementor-id=\"780\" class=\"elementor elementor-780\">\n\t\t\t\t\t\t<div class=\"elementor-inner\">\n\t\t\t\t<div class=\"elementor-section-wrap\">\n\t\t\t\t\t\t\t\t\t<section class=\"elementor-section elementor-top-section elementor-element elementor-element-195cb99 elementor-section-boxed elementor-section-height-default elementor-section-height-default\" data-id=\"195cb99\" data-element_type=\"section\">\n\t\t\t\t\t\t<div class=\"elementor-container elementor-column-gap-default\">\n\t\t\t\t\t\t\t<div class=\"elementor-row\">\n\t\t\t\t\t<div class=\"elementor-column elementor-col-100 elementor-top-column elementor-element elementor-element-7ab1d4e\" data-id=\"7ab1d4e\" data-element_type=\"column\">\n\t\t\t<div class=\"elementor-column-wrap elementor-element-populated\">\n\t\t\t\t\t\t\t<div class=\"elementor-widget-wrap\">\n\t\t\t\t\t\t<div class=\"elementor-element elementor-element-2f4a3c3 elementor-widget elementor-widget-text-editor\" data-id=\"2f4a3c3\" data-element_type=\"widget\" data-widget_type=\"text-editor.default\">\n\t\t\t\t<div class=\"elementor-widget-container\">\n\t\t\t\t\t\t\t\t<div class=\"elementor-text-editor elementor-clearfix\">\n\t\t\t\t<h1>Kalite<\/h1><p>\u0130yi \u00fcr\u00fcnler rastlant\u0131 sonucu \u00fcretilemez. Biz AICS BUSINESS SOLUTIONS \u00c7EL\u0130K SANAY\u0130 ve T\u0130C. LTD. \u015eT\u0130. olarak, m\u00fc\u015fterilerimizin ihtiya\u00e7lar\u0131na kulak vererek y\u00fcksek kalite gereksinimlerini en iyi \u015fekilde belirledik.<\/p><p>\u00c7al\u0131\u015fmalar\u0131m\u0131z ve servislerimiz her a\u015famada en y\u00fcksek kalitedir. Sorumluluklar\u0131m\u0131z geni\u015f bir bak\u0131\u015f a\u00e7\u0131s\u0131yla ve m\u00fc\u015fterilerimizin dileklerini g\u00f6z \u00f6n\u00fcnde bulundurarak ger\u00e7ekle\u015fmektedir.<\/p><p>AICS BUSINESS SOLUTIONS \u00c7EL\u0130K SANAY\u0130 ve T\u0130C. LTD. \u015eT\u0130. \u00e7al\u0131\u015fanlar\u0131 olarak, Toplam Kalite Felsefesini s\u00fcrekli bir ya\u015fam bi\u00e7imi olarak benimsiyor ve m\u00fc\u015fteri odakl\u0131 s\u00fcre\u00e7 yakla\u015f\u0131m\u0131n\u0131 \u00f6z\u00fcmseyerek, t\u00fcm \u00e7al\u0131\u015fanlar\u0131m\u0131z\u0131n kat\u0131ld\u0131\u011f\u0131 ve s\u00fcrekli geli\u015fme esas\u0131na dayal\u0131 olarak ulusal ve uluslararas\u0131 standartlar\u0131 uygulamay\u0131; \u00e7evre ve i\u015f sa\u011fl\u0131\u011f\u0131 g\u00fcvenli\u011fi ile ilgili yasal olan uluslararas\u0131 ve yerel mevzuatlara uymay\u0131, etik de\u011ferlere ve toplumsal sorumluluk anlay\u0131\u015f\u0131na ba\u011fl\u0131 ilkelere uymay\u0131 taahh\u00fct ediyoruz.<\/p><p>Bu ama\u00e7la;<\/p><ul><li>Toplam Kalite Y\u00f6netim Sistemi\u2019nin s\u00fcrekli iyile\u015ftirilmesi i\u00e7in t\u00fcm personelimizin e\u011fitimi, yetkilendirilmesi ve kat\u0131l\u0131m\u0131,<\/li><li>M\u00fc\u015fterilerimizin beklenti ve gereksinimlerini \u00f6n planda tutarak sat\u0131\u015f \u00f6ncesi ve sonras\u0131 hizmetlerin geli\u015ftirilmesi,<\/li><li>M\u00fc\u015fteri ve tedarik\u00e7ilerimizin memnuniyetinin s\u00fcrekli k\u0131l\u0131nmas\u0131 ve hi\u00e7bir ko\u015fulda kaliteden \u00f6d\u00fcn verilmemesi,<\/li><li>E\u011fitimli ve deneyimli personelimiz ile mevcut kaynaklar\u0131 en etkin bi\u00e7imde kullanarak, firmam\u0131zdan hizmet alan m\u00fc\u015fterilerimizin ihtiya\u00e7 ve beklentilerinin zaman\u0131nda kar\u015f\u0131lanmas\u0131,<\/li><li>Yapt\u0131\u011f\u0131m\u0131z her i\u015fin ilk seferde ve s\u00fcrekli olarak do\u011fru yap\u0131lmas\u0131,<\/li><li>\u00c7evre ve insana sayg\u0131y\u0131 bir ilke olarak g\u00f6rmeyi, i\u015f ahlak\u0131na \u00f6nem vermeyi ve k\u00fclt\u00fcrel de\u011ferlere ba\u011fl\u0131 olmay\u0131,<\/li><li>\u015eirket ilkelerine ve kurumsal kimli\u011fe ba\u011fl\u0131 hareket ederek, yasal \u015fartlar, m\u00fc\u015fteri \u015fartlar\u0131, spesifikasyonlar, kalite y\u00f6netim sistemimizin ISO 9001:2015 standard\u0131n\u0131n uygulanabilir \u015fartlar\u0131n\u0131 yerine getirerek dok\u00fcmante edilmesini, belgelendirilmesini ve s\u00fcrekli iyile\u015ftirilmesi,<\/li><li>Tedarik\u00e7ilerimiz, \u00e7al\u0131\u015fanlar\u0131m\u0131z, payda\u015flar\u0131m\u0131zla tak\u0131m ruhu i\u00e7erisinde \u00e7al\u0131\u015fmalar y\u00fcr\u00fcterek AICS BUSINESS SOLUTIONS \u00c7EL\u0130K SANAY\u0130 ve T\u0130C. LTD. \u015eT\u0130. Kalite Y\u00f6netim Sistemi\u2019nin bir par\u00e7as\u0131 haline getirmek ve etkin karar verme mekanizmas\u0131n\u0131 sa\u011flamak,<\/li><li>\u00c7al\u0131\u015fanlar\u0131m\u0131z aras\u0131nda; herhangi bir \u015fekilde Mobbing (Psikolojik \u015eiddet) ve Bullying (Zorbal\u0131k) ya\u015fat\u0131lmamas\u0131 ve ya\u015fanmamas\u0131,<\/li><li>M\u00fc\u015fteri m\u00fclkiyeti en y\u00fcksek d\u00fczeyde gizlilik ve g\u00fcvenilirlikle korunmas\u0131, izinsiz kullan\u0131m veya if\u015fa durumunun engellenmesi,<\/li><li>Yasalara ve uluslararas\u0131 standartlara uyum sa\u011flayarak; \u00e7al\u0131\u015fanlar\u0131m\u0131z\u0131n ya\u015flar\u0131na uygun ko\u015fullarda istihdam edilmesini sa\u011flamak, \u00e7ocuk i\u015f\u00e7ili\u011fi kabul edilmeyece\u011fi,<\/li><\/ul><ul><li>R\u00fc\u015fvet, yolsuzluk ve her t\u00fcrl\u00fc yasa d\u0131\u015f\u0131 faaliyetin kesinlikle kabul edilmeyece\u011fi,<\/li><\/ul><ul><li>\u00c7al\u0131\u015fanlar\u0131m\u0131z\u0131n haklar\u0131na sayg\u0131 duyarak, \u00e7al\u0131\u015fma ko\u015fullar\u0131, \u00fccretleri ve haklar\u0131 konusunda herhangi bir ayr\u0131mc\u0131l\u0131\u011fa veya haks\u0131zl\u0131\u011fa m\u00fcsaade edilmemesi,<\/li><\/ul><p><strong>Politikam\u0131z\u0131n uygulanmas\u0131n\u0131 ve g\u00f6zetilmesini sa\u011flamak, \u00fcst y\u00f6netim olarak taahh\u00fcd\u00fcm\u00fczd\u00fcr<\/strong><\/p>\t\t\t\t\t<\/div>\n\t\t\t\t\t\t<\/div>\n\t\t\t\t<\/div>\n\t\t\t\t\t\t<\/div>\n\t\t\t\t\t<\/div>\n\t\t<\/div>\n\t\t\t\t\t\t\t\t<\/div>\n\t\t\t\t\t<\/div>\n\t\t<\/section>\n\t\t\t\t<section class=\"elementor-section elementor-top-section elementor-element elementor-element-849b1d1 elementor-section-boxed elementor-section-height-default elementor-section-height-default\" data-id=\"849b1d1\" data-element_type=\"section\">\n\t\t\t\t\t\t<div class=\"elementor-container elementor-column-gap-default\">\n\t\t\t\t\t\t\t<div class=\"elementor-row\">\n\t\t\t\t\t<div class=\"elementor-column elementor-col-100 elementor-top-column elementor-element elementor-element-dd5f0b0\" data-id=\"dd5f0b0\" data-element_type=\"column\">\n\t\t\t<div class=\"elementor-column-wrap elementor-element-populated\">\n\t\t\t\t\t\t\t<div class=\"elementor-widget-wrap\">\n\t\t\t\t\t\t<div class=\"elementor-element elementor-element-f9ae6a3 elementor-widget elementor-widget-text-editor\" data-id=\"f9ae6a3\" data-element_type=\"widget\" data-widget_type=\"text-editor.default\">\n\t\t\t\t<div class=\"elementor-widget-container\">\n\t\t\t\t\t\t\t\t<div class=\"elementor-text-editor elementor-clearfix\">\n\t\t\t\t<p><img loading=\"lazy\" decoding=\"async\" class=\"aligncenter\" src=\"http:\/\/aics-bs.com\/wp-content\/uploads\/2020\/03\/Quality-CMM-8-2.jpg\" sizes=\"auto, (max-width: 870px) 100vw, 870px\" srcset=\"https:\/\/aics-bs.com\/wp-content\/uploads\/2020\/03\/Quality-CMM-8-2.jpg 870w, https:\/\/aics-bs.com\/wp-content\/uploads\/2020\/03\/Quality-CMM-8-2-278x300.jpg 278w, https:\/\/aics-bs.com\/wp-content\/uploads\/2020\/03\/Quality-CMM-8-2-768x829.jpg 768w\" alt=\"\" width=\"870\" height=\"939\" \/><\/p>\t\t\t\t\t<\/div>\n\t\t\t\t\t\t<\/div>\n\t\t\t\t<\/div>\n\t\t\t\t\t\t<\/div>\n\t\t\t\t\t<\/div>\n\t\t<\/div>\n\t\t\t\t\t\t\t\t<\/div>\n\t\t\t\t\t<\/div>\n\t\t<\/section>\n\t\t\t\t<section class=\"elementor-section elementor-top-section elementor-element elementor-element-63ebb8c elementor-section-boxed elementor-section-height-default elementor-section-height-default\" data-id=\"63ebb8c\" data-element_type=\"section\">\n\t\t\t\t\t\t<div class=\"elementor-container elementor-column-gap-default\">\n\t\t\t\t\t\t\t<div class=\"elementor-row\">\n\t\t\t\t\t<div class=\"elementor-column elementor-col-50 elementor-top-column elementor-element elementor-element-7897ebf\" data-id=\"7897ebf\" data-element_type=\"column\">\n\t\t\t<div class=\"elementor-column-wrap elementor-element-populated\">\n\t\t\t\t\t\t\t<div class=\"elementor-widget-wrap\">\n\t\t\t\t\t\t<div class=\"elementor-element elementor-element-a658fb6 elementor-widget elementor-widget-image\" data-id=\"a658fb6\" data-element_type=\"widget\" data-widget_type=\"image.default\">\n\t\t\t\t<div class=\"elementor-widget-container\">\n\t\t\t\t\t\t\t\t<div class=\"elementor-image\">\n\t\t\t\t\t\t\t\t\t\t\t\t<img loading=\"lazy\" decoding=\"async\" width=\"600\" height=\"337\" src=\"https:\/\/aics-bs.com\/wp-content\/uploads\/2023\/03\/3D-Tarama-1.png\" class=\"attachment-large size-large\" alt=\"\" srcset=\"https:\/\/aics-bs.com\/wp-content\/uploads\/2023\/03\/3D-Tarama-1.png 600w, https:\/\/aics-bs.com\/wp-content\/uploads\/2023\/03\/3D-Tarama-1-300x169.png 300w\" sizes=\"auto, (max-width: 600px) 100vw, 600px\" \/>\t\t\t\t\t\t\t\t\t\t\t\t\t\t<\/div>\n\t\t\t\t\t\t<\/div>\n\t\t\t\t<\/div>\n\t\t\t\t\t\t<\/div>\n\t\t\t\t\t<\/div>\n\t\t<\/div>\n\t\t\t\t<div class=\"elementor-column elementor-col-50 elementor-top-column elementor-element elementor-element-42aa499\" data-id=\"42aa499\" data-element_type=\"column\">\n\t\t\t<div class=\"elementor-column-wrap elementor-element-populated\">\n\t\t\t\t\t\t\t<div class=\"elementor-widget-wrap\">\n\t\t\t\t\t\t<div class=\"elementor-element elementor-element-a2ca10b elementor-widget elementor-widget-image\" data-id=\"a2ca10b\" data-element_type=\"widget\" data-widget_type=\"image.default\">\n\t\t\t\t<div class=\"elementor-widget-container\">\n\t\t\t\t\t\t\t\t<div class=\"elementor-image\">\n\t\t\t\t\t\t\t\t\t\t\t\t<img loading=\"lazy\" decoding=\"async\" width=\"1024\" height=\"577\" src=\"https:\/\/aics-bs.com\/wp-content\/uploads\/2023\/03\/3D-Cad-Modelling-2-1024x577.jpg\" class=\"attachment-large size-large\" alt=\"\" srcset=\"https:\/\/aics-bs.com\/wp-content\/uploads\/2023\/03\/3D-Cad-Modelling-2-1024x577.jpg 1024w, https:\/\/aics-bs.com\/wp-content\/uploads\/2023\/03\/3D-Cad-Modelling-2-300x169.jpg 300w, https:\/\/aics-bs.com\/wp-content\/uploads\/2023\/03\/3D-Cad-Modelling-2-768x432.jpg 768w, https:\/\/aics-bs.com\/wp-content\/uploads\/2023\/03\/3D-Cad-Modelling-2.jpg 1364w\" sizes=\"auto, (max-width: 1024px) 100vw, 1024px\" \/>\t\t\t\t\t\t\t\t\t\t\t\t\t\t<\/div>\n\t\t\t\t\t\t<\/div>\n\t\t\t\t<\/div>\n\t\t\t\t\t\t<\/div>\n\t\t\t\t\t<\/div>\n\t\t<\/div>\n\t\t\t\t\t\t\t\t<\/div>\n\t\t\t\t\t<\/div>\n\t\t<\/section>\n\t\t\t\t<section class=\"elementor-section elementor-top-section elementor-element elementor-element-752564a elementor-section-boxed elementor-section-height-default elementor-section-height-default\" data-id=\"752564a\" data-element_type=\"section\">\n\t\t\t\t\t\t<div class=\"elementor-container elementor-column-gap-default\">\n\t\t\t\t\t\t\t<div class=\"elementor-row\">\n\t\t\t\t\t<div class=\"elementor-column elementor-col-33 elementor-top-column elementor-element elementor-element-7819da4\" data-id=\"7819da4\" data-element_type=\"column\">\n\t\t\t<div class=\"elementor-column-wrap elementor-element-populated\">\n\t\t\t\t\t\t\t<div class=\"elementor-widget-wrap\">\n\t\t\t\t\t\t<div class=\"elementor-element elementor-element-2d85988 elementor-widget elementor-widget-image\" data-id=\"2d85988\" data-element_type=\"widget\" data-widget_type=\"image.default\">\n\t\t\t\t<div class=\"elementor-widget-container\">\n\t\t\t\t\t\t\t\t<div class=\"elementor-image\">\n\t\t\t\t\t\t\t\t\t\t\t\t<img loading=\"lazy\" decoding=\"async\" width=\"768\" height=\"1024\" src=\"https:\/\/aics-bs.com\/wp-content\/uploads\/2023\/03\/IMG-20230224-WA0017-4-768x1024.jpg\" class=\"attachment-large size-large\" alt=\"\" srcset=\"https:\/\/aics-bs.com\/wp-content\/uploads\/2023\/03\/IMG-20230224-WA0017-4-768x1024.jpg 768w, https:\/\/aics-bs.com\/wp-content\/uploads\/2023\/03\/IMG-20230224-WA0017-4-225x300.jpg 225w, https:\/\/aics-bs.com\/wp-content\/uploads\/2023\/03\/IMG-20230224-WA0017-4-1152x1536.jpg 1152w, https:\/\/aics-bs.com\/wp-content\/uploads\/2023\/03\/IMG-20230224-WA0017-4.jpg 1536w\" sizes=\"auto, (max-width: 768px) 100vw, 768px\" \/>\t\t\t\t\t\t\t\t\t\t\t\t\t\t<\/div>\n\t\t\t\t\t\t<\/div>\n\t\t\t\t<\/div>\n\t\t\t\t\t\t<\/div>\n\t\t\t\t\t<\/div>\n\t\t<\/div>\n\t\t\t\t<div class=\"elementor-column elementor-col-33 elementor-top-column elementor-element elementor-element-894f0b1\" data-id=\"894f0b1\" data-element_type=\"column\">\n\t\t\t<div class=\"elementor-column-wrap elementor-element-populated\">\n\t\t\t\t\t\t\t<div class=\"elementor-widget-wrap\">\n\t\t\t\t\t\t<div class=\"elementor-element elementor-element-1e0e2b5 elementor-widget elementor-widget-image\" data-id=\"1e0e2b5\" data-element_type=\"widget\" data-widget_type=\"image.default\">\n\t\t\t\t<div class=\"elementor-widget-container\">\n\t\t\t\t\t\t\t\t<div class=\"elementor-image\">\n\t\t\t\t\t\t\t\t\t\t\t\t<img loading=\"lazy\" decoding=\"async\" width=\"768\" height=\"1024\" src=\"https:\/\/aics-bs.com\/wp-content\/uploads\/2023\/03\/IMG-20230224-WA0010-3-768x1024.jpg\" class=\"attachment-large size-large\" alt=\"\" srcset=\"https:\/\/aics-bs.com\/wp-content\/uploads\/2023\/03\/IMG-20230224-WA0010-3-768x1024.jpg 768w, https:\/\/aics-bs.com\/wp-content\/uploads\/2023\/03\/IMG-20230224-WA0010-3-225x300.jpg 225w, https:\/\/aics-bs.com\/wp-content\/uploads\/2023\/03\/IMG-20230224-WA0010-3-1152x1536.jpg 1152w, https:\/\/aics-bs.com\/wp-content\/uploads\/2023\/03\/IMG-20230224-WA0010-3.jpg 1536w\" sizes=\"auto, (max-width: 768px) 100vw, 768px\" \/>\t\t\t\t\t\t\t\t\t\t\t\t\t\t<\/div>\n\t\t\t\t\t\t<\/div>\n\t\t\t\t<\/div>\n\t\t\t\t\t\t<\/div>\n\t\t\t\t\t<\/div>\n\t\t<\/div>\n\t\t\t\t<div class=\"elementor-column elementor-col-33 elementor-top-column elementor-element elementor-element-7ced912\" data-id=\"7ced912\" data-element_type=\"column\">\n\t\t\t<div class=\"elementor-column-wrap elementor-element-populated\">\n\t\t\t\t\t\t\t<div class=\"elementor-widget-wrap\">\n\t\t\t\t\t\t<div class=\"elementor-element elementor-element-899c32e elementor-widget elementor-widget-image\" data-id=\"899c32e\" data-element_type=\"widget\" data-widget_type=\"image.default\">\n\t\t\t\t<div class=\"elementor-widget-container\">\n\t\t\t\t\t\t\t\t<div class=\"elementor-image\">\n\t\t\t\t\t\t\t\t\t\t\t\t<img loading=\"lazy\" decoding=\"async\" width=\"768\" height=\"1024\" src=\"https:\/\/aics-bs.com\/wp-content\/uploads\/2023\/03\/IMG-20230224-WA0004-4-768x1024.jpg\" class=\"attachment-large size-large\" alt=\"\" srcset=\"https:\/\/aics-bs.com\/wp-content\/uploads\/2023\/03\/IMG-20230224-WA0004-4-768x1024.jpg 768w, https:\/\/aics-bs.com\/wp-content\/uploads\/2023\/03\/IMG-20230224-WA0004-4-225x300.jpg 225w, https:\/\/aics-bs.com\/wp-content\/uploads\/2023\/03\/IMG-20230224-WA0004-4-1152x1536.jpg 1152w, https:\/\/aics-bs.com\/wp-content\/uploads\/2023\/03\/IMG-20230224-WA0004-4.jpg 1536w\" sizes=\"auto, (max-width: 768px) 100vw, 768px\" \/>\t\t\t\t\t\t\t\t\t\t\t\t\t\t<\/div>\n\t\t\t\t\t\t<\/div>\n\t\t\t\t<\/div>\n\t\t\t\t\t\t<\/div>\n\t\t\t\t\t<\/div>\n\t\t<\/div>\n\t\t\t\t\t\t\t\t<\/div>\n\t\t\t\t\t<\/div>\n\t\t<\/section>\n\t\t\t\t<section class=\"elementor-section elementor-top-section elementor-element elementor-element-3055867 elementor-section-boxed elementor-section-height-default elementor-section-height-default\" data-id=\"3055867\" data-element_type=\"section\">\n\t\t\t\t\t\t<div class=\"elementor-container elementor-column-gap-default\">\n\t\t\t\t\t\t\t<div class=\"elementor-row\">\n\t\t\t\t\t<div class=\"elementor-column elementor-col-50 elementor-top-column elementor-element elementor-element-f125544\" data-id=\"f125544\" data-element_type=\"column\">\n\t\t\t<div class=\"elementor-column-wrap elementor-element-populated\">\n\t\t\t\t\t\t\t<div class=\"elementor-widget-wrap\">\n\t\t\t\t\t\t<div class=\"elementor-element elementor-element-34e2ee5 elementor-widget elementor-widget-image\" data-id=\"34e2ee5\" data-element_type=\"widget\" data-widget_type=\"image.default\">\n\t\t\t\t<div class=\"elementor-widget-container\">\n\t\t\t\t\t\t\t\t<div class=\"elementor-image\">\n\t\t\t\t\t\t\t\t\t\t\t\t<img loading=\"lazy\" decoding=\"async\" width=\"768\" height=\"1024\" src=\"https:\/\/aics-bs.com\/wp-content\/uploads\/2023\/03\/IMG-20230224-WA0039-768x1024.jpg\" class=\"attachment-large size-large\" alt=\"\" srcset=\"https:\/\/aics-bs.com\/wp-content\/uploads\/2023\/03\/IMG-20230224-WA0039-768x1024.jpg 768w, https:\/\/aics-bs.com\/wp-content\/uploads\/2023\/03\/IMG-20230224-WA0039-225x300.jpg 225w, https:\/\/aics-bs.com\/wp-content\/uploads\/2023\/03\/IMG-20230224-WA0039-1152x1536.jpg 1152w, https:\/\/aics-bs.com\/wp-content\/uploads\/2023\/03\/IMG-20230224-WA0039.jpg 1536w\" sizes=\"auto, (max-width: 768px) 100vw, 768px\" \/>\t\t\t\t\t\t\t\t\t\t\t\t\t\t<\/div>\n\t\t\t\t\t\t<\/div>\n\t\t\t\t<\/div>\n\t\t\t\t\t\t<\/div>\n\t\t\t\t\t<\/div>\n\t\t<\/div>\n\t\t\t\t<div class=\"elementor-column elementor-col-50 elementor-top-column elementor-element elementor-element-4717e0e\" data-id=\"4717e0e\" data-element_type=\"column\">\n\t\t\t<div class=\"elementor-column-wrap elementor-element-populated\">\n\t\t\t\t\t\t\t<div class=\"elementor-widget-wrap\">\n\t\t\t\t\t\t<div class=\"elementor-element elementor-element-f6e6ee2 elementor-widget elementor-widget-image\" data-id=\"f6e6ee2\" data-element_type=\"widget\" data-widget_type=\"image.default\">\n\t\t\t\t<div class=\"elementor-widget-container\">\n\t\t\t\t\t\t\t\t<div class=\"elementor-image\">\n\t\t\t\t\t\t\t\t\t\t\t\t<img loading=\"lazy\" decoding=\"async\" width=\"768\" height=\"1024\" src=\"https:\/\/aics-bs.com\/wp-content\/uploads\/2023\/03\/IMG-20230224-WA0025-2-768x1024.jpg\" class=\"attachment-large size-large\" alt=\"\" srcset=\"https:\/\/aics-bs.com\/wp-content\/uploads\/2023\/03\/IMG-20230224-WA0025-2-768x1024.jpg 768w, https:\/\/aics-bs.com\/wp-content\/uploads\/2023\/03\/IMG-20230224-WA0025-2-225x300.jpg 225w, https:\/\/aics-bs.com\/wp-content\/uploads\/2023\/03\/IMG-20230224-WA0025-2-1152x1536.jpg 1152w, https:\/\/aics-bs.com\/wp-content\/uploads\/2023\/03\/IMG-20230224-WA0025-2.jpg 1536w\" sizes=\"auto, (max-width: 768px) 100vw, 768px\" \/>\t\t\t\t\t\t\t\t\t\t\t\t\t\t<\/div>\n\t\t\t\t\t\t<\/div>\n\t\t\t\t<\/div>\n\t\t\t\t\t\t<\/div>\n\t\t\t\t\t<\/div>\n\t\t<\/div>\n\t\t\t\t\t\t\t\t<\/div>\n\t\t\t\t\t<\/div>\n\t\t<\/section>\n\t\t\t\t<section class=\"elementor-section elementor-top-section elementor-element elementor-element-155ddf6 elementor-section-boxed elementor-section-height-default elementor-section-height-default\" data-id=\"155ddf6\" data-element_type=\"section\">\n\t\t\t\t\t\t<div class=\"elementor-container elementor-column-gap-default\">\n\t\t\t\t\t\t\t<div class=\"elementor-row\">\n\t\t\t\t\t<div class=\"elementor-column elementor-col-100 elementor-top-column elementor-element elementor-element-98a0143\" data-id=\"98a0143\" data-element_type=\"column\">\n\t\t\t<div class=\"elementor-column-wrap elementor-element-populated\">\n\t\t\t\t\t\t\t<div class=\"elementor-widget-wrap\">\n\t\t\t\t\t\t<div class=\"elementor-element elementor-element-f330cbb elementor-widget elementor-widget-image\" data-id=\"f330cbb\" data-element_type=\"widget\" data-widget_type=\"image.default\">\n\t\t\t\t<div class=\"elementor-widget-container\">\n\t\t\t\t\t\t\t\t<div class=\"elementor-image\">\n\t\t\t\t\t\t\t\t\t\t\t\t<img loading=\"lazy\" decoding=\"async\" width=\"724\" height=\"1024\" src=\"https:\/\/aics-bs.com\/wp-content\/uploads\/2026\/02\/ISO9001-2015-TUV-NORD-AICS-BS-DAKKS-2026.02.17-DE_2-1-724x1024.jpg\" class=\"attachment-large size-large\" alt=\"\" srcset=\"https:\/\/aics-bs.com\/wp-content\/uploads\/2026\/02\/ISO9001-2015-TUV-NORD-AICS-BS-DAKKS-2026.02.17-DE_2-1-724x1024.jpg 724w, https:\/\/aics-bs.com\/wp-content\/uploads\/2026\/02\/ISO9001-2015-TUV-NORD-AICS-BS-DAKKS-2026.02.17-DE_2-1-212x300.jpg 212w, https:\/\/aics-bs.com\/wp-content\/uploads\/2026\/02\/ISO9001-2015-TUV-NORD-AICS-BS-DAKKS-2026.02.17-DE_2-1-768x1086.jpg 768w, https:\/\/aics-bs.com\/wp-content\/uploads\/2026\/02\/ISO9001-2015-TUV-NORD-AICS-BS-DAKKS-2026.02.17-DE_2-1-1086x1536.jpg 1086w, https:\/\/aics-bs.com\/wp-content\/uploads\/2026\/02\/ISO9001-2015-TUV-NORD-AICS-BS-DAKKS-2026.02.17-DE_2-1.jpg 1240w\" sizes=\"auto, (max-width: 724px) 100vw, 724px\" \/>\t\t\t\t\t\t\t\t\t\t\t\t\t\t<\/div>\n\t\t\t\t\t\t<\/div>\n\t\t\t\t<\/div>\n\t\t\t\t\t\t<\/div>\n\t\t\t\t\t<\/div>\n\t\t<\/div>\n\t\t\t\t\t\t\t\t<\/div>\n\t\t\t\t\t<\/div>\n\t\t<\/section>\n\t\t\t\t\t\t\t\t\t<\/div>\n\t\t\t<\/div>\n\t\t\t\t\t<\/div>\n\t\t","protected":false},"excerpt":{"rendered":"<p>Kalite \u0130yi \u00fcr\u00fcnler rastlant\u0131 sonucu \u00fcretilemez. Biz AICS BUSINESS SOLUTIONS \u00c7EL\u0130K SANAY\u0130 ve T\u0130C. LTD. \u015eT\u0130. olarak, m\u00fc\u015fterilerimizin ihtiya\u00e7lar\u0131na kulak vererek y\u00fcksek kalite gereksinimlerini en iyi \u015fekilde belirledik. \u00c7al\u0131\u015fmalar\u0131m\u0131z ve servislerimiz her a\u015famada en y\u00fcksek kalitedir. Sorumluluklar\u0131m\u0131z geni\u015f bir bak\u0131\u015f a\u00e7\u0131s\u0131yla ve m\u00fc\u015fterilerimizin dileklerini g\u00f6z \u00f6n\u00fcnde bulundurarak ger\u00e7ekle\u015fmektedir. AICS BUSINESS SOLUTIONS \u00c7EL\u0130K SANAY\u0130 ve T\u0130C. [&hellip;]<\/p>\n","protected":false},"author":1,"featured_media":0,"parent":0,"menu_order":0,"comment_status":"closed","ping_status":"closed","template":"","meta":{"footnotes":""},"class_list":["post-780","page","type-page","status-publish","hentry","entry"],"yoast_head":"<!-- This site is optimized with the Yoast SEO plugin v16.2 - https:\/\/yoast.com\/wordpress\/plugins\/seo\/ -->\n<title>Kalite ve sorumluluk - AICS Business Solutions<\/title>\n<meta name=\"robots\" content=\"index, follow, max-snippet:-1, max-image-preview:large, max-video-preview:-1\" \/>\n<link rel=\"canonical\" href=\"https:\/\/aics-bs.com\/home\/?page_id=780&#038;lang=tr\" \/>\n<meta property=\"og:locale\" content=\"en_US\" \/>\n<meta property=\"og:type\" content=\"article\" \/>\n<meta property=\"og:title\" content=\"Kalite ve sorumluluk - AICS Business Solutions\" \/>\n<meta property=\"og:description\" content=\"Kalite \u0130yi \u00fcr\u00fcnler rastlant\u0131 sonucu \u00fcretilemez. Biz AICS BUSINESS SOLUTIONS \u00c7EL\u0130K SANAY\u0130 ve T\u0130C. LTD. \u015eT\u0130. olarak, m\u00fc\u015fterilerimizin ihtiya\u00e7lar\u0131na kulak vererek y\u00fcksek kalite gereksinimlerini en iyi \u015fekilde belirledik. \u00c7al\u0131\u015fmalar\u0131m\u0131z ve servislerimiz her a\u015famada en y\u00fcksek kalitedir. Sorumluluklar\u0131m\u0131z geni\u015f bir bak\u0131\u015f a\u00e7\u0131s\u0131yla ve m\u00fc\u015fterilerimizin dileklerini g\u00f6z \u00f6n\u00fcnde bulundurarak ger\u00e7ekle\u015fmektedir. AICS BUSINESS SOLUTIONS \u00c7EL\u0130K SANAY\u0130 ve T\u0130C. [&hellip;]\" \/>\n<meta property=\"og:url\" content=\"https:\/\/aics-bs.com\/home\/?page_id=780&amp;lang=tr\" \/>\n<meta property=\"og:site_name\" content=\"AICS Business Solutions\" \/>\n<meta property=\"article:modified_time\" content=\"2026-02-18T13:52:16+00:00\" \/>\n<meta property=\"og:image\" content=\"http:\/\/aics-bs.com\/wp-content\/uploads\/2020\/03\/Quality-CMM-8-2.jpg\" \/>\n<meta name=\"twitter:card\" content=\"summary_large_image\" \/>\n<meta name=\"twitter:label1\" content=\"Est. reading time\">\n\t<meta name=\"twitter:data1\" content=\"4 minutes\">\n<script type=\"application\/ld+json\" class=\"yoast-schema-graph\">{\"@context\":\"https:\/\/schema.org\",\"@graph\":[{\"@type\":\"Organization\",\"@id\":\"http:\/\/aics-bs.com\/home\/#organization\",\"name\":\"AICS Business Solutions \\u00c7elik San. ve Tic. \\u015eti.\",\"url\":\"http:\/\/aics-bs.com\/home\/\",\"sameAs\":[],\"logo\":{\"@type\":\"ImageObject\",\"@id\":\"http:\/\/aics-bs.com\/home\/#logo\",\"inLanguage\":\"en-US\",\"url\":\"https:\/\/aics-bs.com\/wp-content\/uploads\/2020\/01\/AICS_logo.png\",\"contentUrl\":\"https:\/\/aics-bs.com\/wp-content\/uploads\/2020\/01\/AICS_logo.png\",\"width\":2421,\"height\":2371,\"caption\":\"AICS Business Solutions \\u00c7elik San. ve Tic. \\u015eti.\"},\"image\":{\"@id\":\"http:\/\/aics-bs.com\/home\/#logo\"}},{\"@type\":\"WebSite\",\"@id\":\"http:\/\/aics-bs.com\/home\/#website\",\"url\":\"http:\/\/aics-bs.com\/home\/\",\"name\":\"AICS Business Solutions\",\"description\":\"web\",\"publisher\":{\"@id\":\"http:\/\/aics-bs.com\/home\/#organization\"},\"potentialAction\":[{\"@type\":\"SearchAction\",\"target\":\"http:\/\/aics-bs.com\/home\/?s={search_term_string}\",\"query-input\":\"required name=search_term_string\"}],\"inLanguage\":\"en-US\"},{\"@type\":\"ImageObject\",\"@id\":\"https:\/\/aics-bs.com\/home\/?page_id=780&lang=tr#primaryimage\",\"inLanguage\":\"en-US\",\"url\":\"http:\/\/aics-bs.com\/wp-content\/uploads\/2020\/03\/Quality-CMM-8-2.jpg\",\"contentUrl\":\"http:\/\/aics-bs.com\/wp-content\/uploads\/2020\/03\/Quality-CMM-8-2.jpg\"},{\"@type\":\"WebPage\",\"@id\":\"https:\/\/aics-bs.com\/home\/?page_id=780&lang=tr#webpage\",\"url\":\"https:\/\/aics-bs.com\/home\/?page_id=780&lang=tr\",\"name\":\"Kalite ve sorumluluk - AICS Business Solutions\",\"isPartOf\":{\"@id\":\"http:\/\/aics-bs.com\/home\/#website\"},\"primaryImageOfPage\":{\"@id\":\"https:\/\/aics-bs.com\/home\/?page_id=780&lang=tr#primaryimage\"},\"datePublished\":\"2020-03-24T10:02:37+00:00\",\"dateModified\":\"2026-02-18T13:52:16+00:00\",\"breadcrumb\":{\"@id\":\"https:\/\/aics-bs.com\/home\/?page_id=780&lang=tr#breadcrumb\"},\"inLanguage\":\"en-US\",\"potentialAction\":[{\"@type\":\"ReadAction\",\"target\":[\"https:\/\/aics-bs.com\/home\/?page_id=780&lang=tr\"]}]},{\"@type\":\"BreadcrumbList\",\"@id\":\"https:\/\/aics-bs.com\/home\/?page_id=780&lang=tr#breadcrumb\",\"itemListElement\":[{\"@type\":\"ListItem\",\"position\":1,\"item\":{\"@type\":\"WebPage\",\"@id\":\"https:\/\/aics-bs.com\/home\/\",\"url\":\"https:\/\/aics-bs.com\/home\/\",\"name\":\"Ana sayfa\"}},{\"@type\":\"ListItem\",\"position\":2,\"item\":{\"@id\":\"https:\/\/aics-bs.com\/home\/?page_id=780&lang=tr#webpage\"}}]}]}<\/script>\n<!-- \/ Yoast SEO plugin. -->","_links":{"self":[{"href":"https:\/\/aics-bs.com\/home\/index.php?rest_route=\/wp\/v2\/pages\/780","targetHints":{"allow":["GET"]}}],"collection":[{"href":"https:\/\/aics-bs.com\/home\/index.php?rest_route=\/wp\/v2\/pages"}],"about":[{"href":"https:\/\/aics-bs.com\/home\/index.php?rest_route=\/wp\/v2\/types\/page"}],"author":[{"embeddable":true,"href":"https:\/\/aics-bs.com\/home\/index.php?rest_route=\/wp\/v2\/users\/1"}],"replies":[{"embeddable":true,"href":"https:\/\/aics-bs.com\/home\/index.php?rest_route=%2Fwp%2Fv2%2Fcomments&post=780"}],"version-history":[{"count":40,"href":"https:\/\/aics-bs.com\/home\/index.php?rest_route=\/wp\/v2\/pages\/780\/revisions"}],"predecessor-version":[{"id":1843,"href":"https:\/\/aics-bs.com\/home\/index.php?rest_route=\/wp\/v2\/pages\/780\/revisions\/1843"}],"wp:attachment":[{"href":"https:\/\/aics-bs.com\/home\/index.php?rest_route=%2Fwp%2Fv2%2Fmedia&parent=780"}],"curies":[{"name":"wp","href":"https:\/\/api.w.org\/{rel}","templated":true}]}}