{"id":754,"date":"2020-03-24T08:21:37","date_gmt":"2020-03-24T08:21:37","guid":{"rendered":"http:\/\/aics-bs.com\/home\/?page_id=754"},"modified":"2020-03-24T08:29:27","modified_gmt":"2020-03-24T08:29:27","slug":"sand-casting-tr","status":"publish","type":"page","link":"https:\/\/aics-bs.com\/home\/?page_id=754&lang=tr","title":{"rendered":"Sand casting-tr"},"content":{"rendered":"\t\t<div data-elementor-type=\"wp-page\" data-elementor-id=\"754\" class=\"elementor elementor-754\">\n\t\t\t\t\t\t<div class=\"elementor-inner\">\n\t\t\t\t<div class=\"elementor-section-wrap\">\n\t\t\t\t\t\t\t\t\t<section class=\"elementor-section elementor-top-section elementor-element elementor-element-5af1ba69 elementor-section-content-middle elementor-section-full_width elementor-section-height-default elementor-section-height-default\" data-id=\"5af1ba69\" data-element_type=\"section\">\n\t\t\t\t\t\t<div class=\"elementor-container elementor-column-gap-no\">\n\t\t\t\t\t\t\t<div class=\"elementor-row\">\n\t\t\t\t\t<div class=\"elementor-column elementor-col-100 elementor-top-column elementor-element elementor-element-2a6e3bde\" data-id=\"2a6e3bde\" data-element_type=\"column\">\n\t\t\t<div class=\"elementor-column-wrap elementor-element-populated\">\n\t\t\t\t\t\t\t<div class=\"elementor-widget-wrap\">\n\t\t\t\t\t\t<div class=\"elementor-element elementor-element-69ac2d2 elementor-widget elementor-widget-heading\" data-id=\"69ac2d2\" data-element_type=\"widget\" data-widget_type=\"heading.default\">\n\t\t\t\t<div class=\"elementor-widget-container\">\n\t\t\t<h4 class=\"elementor-heading-title elementor-size-default\">Kum d\u00f6k\u00fcm<\/h4>\t\t<\/div>\n\t\t\t\t<\/div>\n\t\t\t\t<div class=\"elementor-element elementor-element-35a15214 elementor-widget elementor-widget-text-editor\" data-id=\"35a15214\" data-element_type=\"widget\" data-widget_type=\"text-editor.default\">\n\t\t\t\t<div class=\"elementor-widget-container\">\n\t\t\t\t\t\t\t\t<div class=\"elementor-text-editor elementor-clearfix\">\n\t\t\t\t<p style=\"color: #808080;\">Kum kal\u0131plama i\u015flemi geni\u015f bir yelpazede tasar\u0131m se\u00e7enekleri sunarken ayn\u0131 zamanda daha ucuz ve daha h\u0131zl\u0131 bir \u015fekilde \u00fcretilmesini sa\u011fl\u0131yor.<\/p>\n\n<p style=\"color: #808080;\">Kal\u0131plama ile ihtiya\u00e7lar\u0131n\u0131za esnek bir \u015fekilde cevap verebiliriz ve size en ekonomik \u00e7\u00f6z\u00fcm\u00fc sunar\u0131z.\n\nProses formlar\u0131nda size 0,1 kg&#8217;dan 15.000 KG&#8217;l\u0131k bireysel a\u011f\u0131rl\u0131\u011fa kadar par\u00e7a tedarik edebiliriz.<\/p>\n\n\t\t\t\t\t<\/div>\n\t\t\t\t\t\t<\/div>\n\t\t\t\t<\/div>\n\t\t\t\t\t\t<\/div>\n\t\t\t\t\t<\/div>\n\t\t<\/div>\n\t\t\t\t\t\t\t\t<\/div>\n\t\t\t\t\t<\/div>\n\t\t<\/section>\n\t\t\t\t<section class=\"elementor-section elementor-top-section elementor-element elementor-element-94cccbe elementor-section-boxed elementor-section-height-default elementor-section-height-default\" data-id=\"94cccbe\" data-element_type=\"section\" data-settings=\"{&quot;background_background&quot;:&quot;classic&quot;}\">\n\t\t\t\t\t\t<div class=\"elementor-container elementor-column-gap-default\">\n\t\t\t\t\t\t\t<div class=\"elementor-row\">\n\t\t\t\t\t<div class=\"elementor-column elementor-col-50 elementor-top-column elementor-element elementor-element-2dc1bab\" data-id=\"2dc1bab\" data-element_type=\"column\">\n\t\t\t<div class=\"elementor-column-wrap elementor-element-populated\">\n\t\t\t\t\t\t\t<div class=\"elementor-widget-wrap\">\n\t\t\t\t\t\t<div class=\"elementor-element elementor-element-1e3750e elementor-widget elementor-widget-text-editor\" data-id=\"1e3750e\" data-element_type=\"widget\" data-widget_type=\"text-editor.default\">\n\t\t\t\t<div class=\"elementor-widget-container\">\n\t\t\t\t\t\t\t\t<div class=\"elementor-text-editor elementor-clearfix\">\n\t\t\t\t<h2>Prosed\u00fcr\u00fcn avantajlar\u0131:<\/h2><ul><li>Harika ala\u015f\u0131m se\u00e7imi<\/li><li>Y\u00fcksek esneklik<\/li><li>D\u00fc\u015f\u00fck tak\u0131m maliyetleri<\/li><li>D\u00fc\u015f\u00fck \u00fcretim maliyetleri<\/li><\/ul><h2>D\u00f6k\u00fcm \u00e7e\u015fitleri:<\/h2><ul><li>\u00c7elik d\u00f6k\u00fcm<\/li><li>Pik d\u00f6k\u00fcm<\/li><li>Sfero d\u00f6k\u00fcm<\/li><li>Al\u00fcminyum kum d\u00f6k\u00fcm<\/li><li>al\u00e7ak bas\u0131n\u00e7l\u0131 kum d\u00f6k\u00fcm<\/li><\/ul>\t\t\t\t\t<\/div>\n\t\t\t\t\t\t<\/div>\n\t\t\t\t<\/div>\n\t\t\t\t\t\t<\/div>\n\t\t\t\t\t<\/div>\n\t\t<\/div>\n\t\t\t\t<div class=\"elementor-column elementor-col-50 elementor-top-column elementor-element elementor-element-eb457ac\" data-id=\"eb457ac\" data-element_type=\"column\">\n\t\t\t<div class=\"elementor-column-wrap elementor-element-populated\">\n\t\t\t\t\t\t\t<div class=\"elementor-widget-wrap\">\n\t\t\t\t\t\t<div class=\"elementor-element elementor-element-caad4a0 elementor-invisible elementor-widget elementor-widget-image\" data-id=\"caad4a0\" data-element_type=\"widget\" data-settings=\"{&quot;_animation&quot;:&quot;fadeInRight&quot;}\" data-widget_type=\"image.default\">\n\t\t\t\t<div class=\"elementor-widget-container\">\n\t\t\t\t\t\t\t\t<div class=\"elementor-image\">\n\t\t\t\t\t\t\t\t\t\t\t\t<img loading=\"lazy\" decoding=\"async\" width=\"410\" height=\"310\" src=\"https:\/\/aics-bs.com\/wp-content\/uploads\/2020\/01\/grey3.jpg\" class=\"elementor-animation-grow attachment-large size-large\" alt=\"\" srcset=\"https:\/\/aics-bs.com\/wp-content\/uploads\/2020\/01\/grey3.jpg 410w, https:\/\/aics-bs.com\/wp-content\/uploads\/2020\/01\/grey3-300x227.jpg 300w\" sizes=\"auto, (max-width: 410px) 100vw, 410px\" \/>\t\t\t\t\t\t\t\t\t\t\t\t\t\t<\/div>\n\t\t\t\t\t\t<\/div>\n\t\t\t\t<\/div>\n\t\t\t\t\t\t<\/div>\n\t\t\t\t\t<\/div>\n\t\t<\/div>\n\t\t\t\t\t\t\t\t<\/div>\n\t\t\t\t\t<\/div>\n\t\t<\/section>\n\t\t\t\t<section class=\"elementor-section elementor-top-section elementor-element elementor-element-d190269 elementor-section-boxed elementor-section-height-default elementor-section-height-default elementor-invisible\" data-id=\"d190269\" data-element_type=\"section\" data-settings=\"{&quot;animation&quot;:&quot;fadeInUp&quot;}\">\n\t\t\t\t\t\t<div class=\"elementor-container elementor-column-gap-default\">\n\t\t\t\t\t\t\t<div class=\"elementor-row\">\n\t\t\t\t\t<div class=\"elementor-column elementor-col-100 elementor-top-column elementor-element elementor-element-96951e6\" data-id=\"96951e6\" data-element_type=\"column\">\n\t\t\t<div class=\"elementor-column-wrap elementor-element-populated\">\n\t\t\t\t\t\t\t<div class=\"elementor-widget-wrap\">\n\t\t\t\t\t\t<div class=\"elementor-element elementor-element-96a3f5e elementor-widget elementor-widget-image-gallery\" data-id=\"96a3f5e\" data-element_type=\"widget\" data-widget_type=\"image-gallery.default\">\n\t\t\t\t<div class=\"elementor-widget-container\">\n\t\t\t\t\t<div class=\"elementor-image-gallery\">\n\t\t\t<div id='gallery-1' class='gallery galleryid-754 gallery-columns-2 gallery-size-medium'><figure class='gallery-item'>\n\t\t\t<div class='gallery-icon portrait'>\n\t\t\t\t<a data-elementor-open-lightbox=\"yes\" data-elementor-lightbox-slideshow=\"96a3f5e\" data-elementor-lightbox-title=\"grey4\" e-action-hash=\"#elementor-action%3Aaction%3Dlightbox%26settings%3DeyJpZCI6MzA2LCJ1cmwiOiJodHRwczpcL1wvYWljcy1icy5jb21cL3dwLWNvbnRlbnRcL3VwbG9hZHNcLzIwMjBcLzAxXC9ncmV5NC5qcGciLCJzbGlkZXNob3ciOiI5NmEzZjVlIn0%3D\" href='https:\/\/aics-bs.com\/wp-content\/uploads\/2020\/01\/grey4.jpg'><img loading=\"lazy\" decoding=\"async\" width=\"277\" height=\"300\" src=\"https:\/\/aics-bs.com\/wp-content\/uploads\/2020\/01\/grey4-277x300.jpg\" class=\"attachment-medium size-medium\" alt=\"\" srcset=\"https:\/\/aics-bs.com\/wp-content\/uploads\/2020\/01\/grey4-277x300.jpg 277w, https:\/\/aics-bs.com\/wp-content\/uploads\/2020\/01\/grey4.jpg 295w\" sizes=\"auto, (max-width: 277px) 100vw, 277px\" \/><\/a>\n\t\t\t<\/div><\/figure><figure class='gallery-item'>\n\t\t\t<div class='gallery-icon landscape'>\n\t\t\t\t<a data-elementor-open-lightbox=\"yes\" data-elementor-lightbox-slideshow=\"96a3f5e\" data-elementor-lightbox-title=\"grey4\" e-action-hash=\"#elementor-action%3Aaction%3Dlightbox%26settings%3DeyJpZCI6MzA3LCJ1cmwiOiJodHRwczpcL1wvYWljcy1icy5jb21cL3dwLWNvbnRlbnRcL3VwbG9hZHNcLzIwMjBcLzAxXC9ncmV5Ny5qcGciLCJzbGlkZXNob3ciOiI5NmEzZjVlIn0%3D\" href='https:\/\/aics-bs.com\/wp-content\/uploads\/2020\/01\/grey7.jpg'><img loading=\"lazy\" decoding=\"async\" width=\"225\" height=\"225\" src=\"https:\/\/aics-bs.com\/wp-content\/uploads\/2020\/01\/grey7.jpg\" class=\"attachment-medium size-medium\" alt=\"\" srcset=\"https:\/\/aics-bs.com\/wp-content\/uploads\/2020\/01\/grey7.jpg 225w, https:\/\/aics-bs.com\/wp-content\/uploads\/2020\/01\/grey7-150x150.jpg 150w\" sizes=\"auto, (max-width: 225px) 100vw, 225px\" \/><\/a>\n\t\t\t<\/div><\/figure>\n\t\t<\/div>\n\t\t<\/div>\n\t\t\t\t<\/div>\n\t\t\t\t<\/div>\n\t\t\t\t\t\t<\/div>\n\t\t\t\t\t<\/div>\n\t\t<\/div>\n\t\t\t\t\t\t\t\t<\/div>\n\t\t\t\t\t<\/div>\n\t\t<\/section>\n\t\t\t\t\t\t\t\t\t<\/div>\n\t\t\t<\/div>\n\t\t\t\t\t<\/div>\n\t\t","protected":false},"excerpt":{"rendered":"<p>Kum d\u00f6k\u00fcm Kum kal\u0131plama i\u015flemi geni\u015f bir yelpazede tasar\u0131m se\u00e7enekleri sunarken ayn\u0131 zamanda daha ucuz ve daha h\u0131zl\u0131 bir \u015fekilde \u00fcretilmesini sa\u011fl\u0131yor. Kal\u0131plama ile ihtiya\u00e7lar\u0131n\u0131za esnek bir \u015fekilde cevap verebiliriz ve size en ekonomik \u00e7\u00f6z\u00fcm\u00fc sunar\u0131z. Proses formlar\u0131nda size 0,1 kg&#8217;dan 15.000 KG&#8217;l\u0131k bireysel a\u011f\u0131rl\u0131\u011fa kadar par\u00e7a tedarik edebiliriz. Prosed\u00fcr\u00fcn avantajlar\u0131: Harika ala\u015f\u0131m se\u00e7imi Y\u00fcksek [&hellip;]<\/p>\n","protected":false},"author":1,"featured_media":0,"parent":0,"menu_order":0,"comment_status":"closed","ping_status":"closed","template":"","meta":{"footnotes":""},"class_list":["post-754","page","type-page","status-publish","hentry","entry"],"yoast_head":"<!-- This site is optimized with the Yoast SEO plugin v16.2 - https:\/\/yoast.com\/wordpress\/plugins\/seo\/ -->\n<title>Sand casting-tr - AICS Business Solutions<\/title>\n<meta name=\"robots\" content=\"index, follow, max-snippet:-1, max-image-preview:large, max-video-preview:-1\" \/>\n<link rel=\"canonical\" href=\"https:\/\/aics-bs.com\/home\/?page_id=754&#038;lang=tr\" \/>\n<meta property=\"og:locale\" content=\"en_US\" \/>\n<meta property=\"og:type\" content=\"article\" \/>\n<meta property=\"og:title\" content=\"Sand casting-tr - AICS Business Solutions\" \/>\n<meta property=\"og:description\" content=\"Kum d\u00f6k\u00fcm Kum kal\u0131plama i\u015flemi geni\u015f bir yelpazede tasar\u0131m se\u00e7enekleri sunarken ayn\u0131 zamanda daha ucuz ve daha h\u0131zl\u0131 bir \u015fekilde \u00fcretilmesini sa\u011fl\u0131yor. Kal\u0131plama ile ihtiya\u00e7lar\u0131n\u0131za esnek bir \u015fekilde cevap verebiliriz ve size en ekonomik \u00e7\u00f6z\u00fcm\u00fc sunar\u0131z. Proses formlar\u0131nda size 0,1 kg&#8217;dan 15.000 KG&#8217;l\u0131k bireysel a\u011f\u0131rl\u0131\u011fa kadar par\u00e7a tedarik edebiliriz. Prosed\u00fcr\u00fcn avantajlar\u0131: Harika ala\u015f\u0131m se\u00e7imi Y\u00fcksek [&hellip;]\" \/>\n<meta property=\"og:url\" content=\"https:\/\/aics-bs.com\/home\/?page_id=754&amp;lang=tr\" \/>\n<meta property=\"og:site_name\" content=\"AICS Business Solutions\" \/>\n<meta property=\"article:modified_time\" content=\"2020-03-24T08:29:27+00:00\" \/>\n<meta property=\"og:image\" content=\"http:\/\/aics-bs.com\/wp-content\/uploads\/2020\/01\/grey3.jpg\" \/>\n<meta name=\"twitter:card\" content=\"summary_large_image\" \/>\n<meta name=\"twitter:label1\" content=\"Est. reading time\">\n\t<meta name=\"twitter:data1\" content=\"1 minute\">\n<script type=\"application\/ld+json\" class=\"yoast-schema-graph\">{\"@context\":\"https:\/\/schema.org\",\"@graph\":[{\"@type\":\"Organization\",\"@id\":\"http:\/\/aics-bs.com\/home\/#organization\",\"name\":\"AICS Business Solutions \\u00c7elik San. ve Tic. \\u015eti.\",\"url\":\"http:\/\/aics-bs.com\/home\/\",\"sameAs\":[],\"logo\":{\"@type\":\"ImageObject\",\"@id\":\"http:\/\/aics-bs.com\/home\/#logo\",\"inLanguage\":\"en-US\",\"url\":\"https:\/\/aics-bs.com\/wp-content\/uploads\/2020\/01\/AICS_logo.png\",\"contentUrl\":\"https:\/\/aics-bs.com\/wp-content\/uploads\/2020\/01\/AICS_logo.png\",\"width\":2421,\"height\":2371,\"caption\":\"AICS Business Solutions \\u00c7elik San. ve Tic. \\u015eti.\"},\"image\":{\"@id\":\"http:\/\/aics-bs.com\/home\/#logo\"}},{\"@type\":\"WebSite\",\"@id\":\"http:\/\/aics-bs.com\/home\/#website\",\"url\":\"http:\/\/aics-bs.com\/home\/\",\"name\":\"AICS Business Solutions\",\"description\":\"web\",\"publisher\":{\"@id\":\"http:\/\/aics-bs.com\/home\/#organization\"},\"potentialAction\":[{\"@type\":\"SearchAction\",\"target\":\"http:\/\/aics-bs.com\/home\/?s={search_term_string}\",\"query-input\":\"required name=search_term_string\"}],\"inLanguage\":\"en-US\"},{\"@type\":\"ImageObject\",\"@id\":\"https:\/\/aics-bs.com\/home\/?page_id=754&lang=tr#primaryimage\",\"inLanguage\":\"en-US\",\"url\":\"http:\/\/aics-bs.com\/wp-content\/uploads\/2020\/01\/grey3.jpg\",\"contentUrl\":\"http:\/\/aics-bs.com\/wp-content\/uploads\/2020\/01\/grey3.jpg\"},{\"@type\":\"WebPage\",\"@id\":\"https:\/\/aics-bs.com\/home\/?page_id=754&lang=tr#webpage\",\"url\":\"https:\/\/aics-bs.com\/home\/?page_id=754&lang=tr\",\"name\":\"Sand casting-tr - AICS Business Solutions\",\"isPartOf\":{\"@id\":\"http:\/\/aics-bs.com\/home\/#website\"},\"primaryImageOfPage\":{\"@id\":\"https:\/\/aics-bs.com\/home\/?page_id=754&lang=tr#primaryimage\"},\"datePublished\":\"2020-03-24T08:21:37+00:00\",\"dateModified\":\"2020-03-24T08:29:27+00:00\",\"breadcrumb\":{\"@id\":\"https:\/\/aics-bs.com\/home\/?page_id=754&lang=tr#breadcrumb\"},\"inLanguage\":\"en-US\",\"potentialAction\":[{\"@type\":\"ReadAction\",\"target\":[\"https:\/\/aics-bs.com\/home\/?page_id=754&lang=tr\"]}]},{\"@type\":\"BreadcrumbList\",\"@id\":\"https:\/\/aics-bs.com\/home\/?page_id=754&lang=tr#breadcrumb\",\"itemListElement\":[{\"@type\":\"ListItem\",\"position\":1,\"item\":{\"@type\":\"WebPage\",\"@id\":\"https:\/\/aics-bs.com\/home\/\",\"url\":\"https:\/\/aics-bs.com\/home\/\",\"name\":\"Ana sayfa\"}},{\"@type\":\"ListItem\",\"position\":2,\"item\":{\"@id\":\"https:\/\/aics-bs.com\/home\/?page_id=754&lang=tr#webpage\"}}]}]}<\/script>\n<!-- \/ Yoast SEO plugin. -->","_links":{"self":[{"href":"https:\/\/aics-bs.com\/home\/index.php?rest_route=\/wp\/v2\/pages\/754","targetHints":{"allow":["GET"]}}],"collection":[{"href":"https:\/\/aics-bs.com\/home\/index.php?rest_route=\/wp\/v2\/pages"}],"about":[{"href":"https:\/\/aics-bs.com\/home\/index.php?rest_route=\/wp\/v2\/types\/page"}],"author":[{"embeddable":true,"href":"https:\/\/aics-bs.com\/home\/index.php?rest_route=\/wp\/v2\/users\/1"}],"replies":[{"embeddable":true,"href":"https:\/\/aics-bs.com\/home\/index.php?rest_route=%2Fwp%2Fv2%2Fcomments&post=754"}],"version-history":[{"count":5,"href":"https:\/\/aics-bs.com\/home\/index.php?rest_route=\/wp\/v2\/pages\/754\/revisions"}],"predecessor-version":[{"id":760,"href":"https:\/\/aics-bs.com\/home\/index.php?rest_route=\/wp\/v2\/pages\/754\/revisions\/760"}],"wp:attachment":[{"href":"https:\/\/aics-bs.com\/home\/index.php?rest_route=%2Fwp%2Fv2%2Fmedia&parent=754"}],"curies":[{"name":"wp","href":"https:\/\/api.w.org\/{rel}","templated":true}]}}