{"id":742,"date":"2020-03-23T15:06:24","date_gmt":"2020-03-23T15:06:24","guid":{"rendered":"http:\/\/aics-bs.com\/home\/?page_id=742"},"modified":"2023-03-15T18:00:10","modified_gmt":"2023-03-15T18:00:10","slug":"machining-tr","status":"publish","type":"page","link":"https:\/\/aics-bs.com\/home\/?page_id=742&lang=tr","title":{"rendered":"Machining-tr"},"content":{"rendered":"<h4>Tala\u015fl\u0131 imalat<\/h4>\n<p style=\"text-align: center;\">Tala\u015fl\u0131 imalat ortaklar\u0131m\u0131z otomotiv ve havac\u0131l\u0131k\/savunma sanayi tedarik\u00e7isi olarak NADCAP onayl\u0131 AS9100 &#8211; IATF16949 sertifikas\u0131na sahipler.<\/p>\n<p style=\"text-align: center;\">Her t\u00fcrl\u00fc doludan i\u015flemeli ve Kayar Otomat bitmi\u015f \u00dcr\u00fcnlerinizi bizden tedarik edebilirsiniz..<\/p>\n<p>\t\t\t\t\t\t\t\t\t\t\t\t<img decoding=\"async\" src=\"http:\/\/aics-bs.com\/wp-content\/uploads\/2020\/01\/kalite_1_1.jpg\" title=\"kalite_1_1\" alt=\"kalite_1_1\"><br \/>\n<img width=\"600\" height=\"450\" src=\"http:\/\/aics-bs.com\/wp-content\/uploads\/2023\/03\/CMM2-2.jpg\" alt=\"\" decoding=\"async\" loading=\"lazy\" srcset=\"https:\/\/aics-bs.com\/wp-content\/uploads\/2023\/03\/CMM2-2.jpg 600w, https:\/\/aics-bs.com\/wp-content\/uploads\/2023\/03\/CMM2-2-300x225.jpg 300w\" sizes=\"auto, (max-width: 600px) 100vw, 600px\"><\/p>\n<h2>Gallery<\/h2>\n<figure><img decoding=\"async\" src=\"http:\/\/aics-bs.com\/wp-content\/uploads\/2020\/01\/Kayar-5-300x225.jpg\" alt=\"Kayar 5\"><\/figure>\n<figure><img decoding=\"async\" src=\"http:\/\/aics-bs.com\/wp-content\/uploads\/2020\/01\/Kayar-6-300x225.png\" alt=\"Kayar 6\"><\/figure>\n<figure><img decoding=\"async\" src=\"http:\/\/aics-bs.com\/wp-content\/uploads\/2020\/01\/Kayar-7-300x198.jpg\" alt=\"Kayar 7\"><\/figure>\n<figure><img decoding=\"async\" src=\"http:\/\/aics-bs.com\/wp-content\/uploads\/2020\/01\/Kayar-8-300x169.jpg\" alt=\"Kayar 8\"><\/figure>\n<figure><img decoding=\"async\" src=\"http:\/\/aics-bs.com\/wp-content\/uploads\/2020\/01\/Kayar-9-300x246.png\" alt=\"Kayar 9\"><\/figure>\n<figure><img decoding=\"async\" src=\"http:\/\/aics-bs.com\/wp-content\/uploads\/2020\/01\/Laser-Cutting-14-300x214.jpg\" alt=\"Laser Cutting 14\"><\/figure>\n<figure><img decoding=\"async\" src=\"http:\/\/aics-bs.com\/wp-content\/uploads\/2020\/01\/machining-300x198.jpg\" alt=\"machining\"><\/figure>\n<figure><img decoding=\"async\" src=\"http:\/\/aics-bs.com\/wp-content\/uploads\/2020\/01\/machining-components-1024x559-1-300x164.jpg\" alt=\"machining-components--1024x559\"><\/figure>\n<figure><img decoding=\"async\" src=\"http:\/\/aics-bs.com\/wp-content\/uploads\/2020\/01\/machining-parts-2-300x223.jpg\" alt=\"machining-parts\"><\/figure>\n<figure><img decoding=\"async\" src=\"http:\/\/aics-bs.com\/wp-content\/uploads\/2020\/01\/Mim-1-300x188.gif\" alt=\"Mim 1\"><\/figure>\n<figure><img decoding=\"async\" src=\"http:\/\/aics-bs.com\/wp-content\/uploads\/2020\/01\/mim-2-300x200.jpg\" alt=\"mim 2\"><\/figure>\n<figure><img decoding=\"async\" src=\"http:\/\/aics-bs.com\/wp-content\/uploads\/2020\/01\/nachining-300x184.jpg\" alt=\"nachining\"><\/figure>\n<figure><img decoding=\"async\" src=\"http:\/\/aics-bs.com\/wp-content\/uploads\/2020\/01\/otomat_i\u015fleme_1-300x224.jpg\" alt=\"otomat_i\u015fleme_1\"><\/figure>\n<p>Previous<br \/>\nNext<\/p>\n","protected":false},"excerpt":{"rendered":"<p>Tala\u015fl\u0131 imalat Tala\u015fl\u0131 imalat ortaklar\u0131m\u0131z otomotiv ve havac\u0131l\u0131k\/savunma sanayi tedarik\u00e7isi olarak NADCAP onayl\u0131 AS9100 &#8211; IATF16949 sertifikas\u0131na sahipler. Her t\u00fcrl\u00fc doludan i\u015flemeli ve Kayar Otomat bitmi\u015f \u00dcr\u00fcnlerinizi bizden tedarik edebilirsiniz.. Gallery Previous Next<\/p>\n","protected":false},"author":1,"featured_media":0,"parent":0,"menu_order":0,"comment_status":"closed","ping_status":"closed","template":"","meta":{"footnotes":""},"class_list":["post-742","page","type-page","status-publish","hentry","entry"],"yoast_head":"<!-- This site is optimized with the Yoast SEO plugin v16.2 - https:\/\/yoast.com\/wordpress\/plugins\/seo\/ -->\n<title>Machining-tr - AICS Business Solutions<\/title>\n<meta name=\"robots\" content=\"index, follow, max-snippet:-1, max-image-preview:large, max-video-preview:-1\" \/>\n<link rel=\"canonical\" href=\"https:\/\/aics-bs.com\/home\/?page_id=742&#038;lang=tr\" \/>\n<meta property=\"og:locale\" content=\"en_US\" \/>\n<meta property=\"og:type\" content=\"article\" \/>\n<meta property=\"og:title\" content=\"Machining-tr - AICS Business Solutions\" \/>\n<meta property=\"og:description\" content=\"Tala\u015fl\u0131 imalat Tala\u015fl\u0131 imalat ortaklar\u0131m\u0131z otomotiv ve havac\u0131l\u0131k\/savunma sanayi tedarik\u00e7isi olarak NADCAP onayl\u0131 AS9100 &#8211; IATF16949 sertifikas\u0131na sahipler. Her t\u00fcrl\u00fc doludan i\u015flemeli ve Kayar Otomat bitmi\u015f \u00dcr\u00fcnlerinizi bizden tedarik edebilirsiniz.. Gallery Previous Next\" \/>\n<meta property=\"og:url\" content=\"https:\/\/aics-bs.com\/home\/?page_id=742&amp;lang=tr\" \/>\n<meta property=\"og:site_name\" content=\"AICS Business Solutions\" \/>\n<meta property=\"article:modified_time\" content=\"2023-03-15T18:00:10+00:00\" \/>\n<meta property=\"og:image\" content=\"http:\/\/aics-bs.com\/wp-content\/uploads\/2020\/01\/kalite_1_1.jpg\" \/>\n<meta name=\"twitter:card\" content=\"summary_large_image\" \/>\n<meta name=\"twitter:label1\" content=\"Est. reading time\">\n\t<meta name=\"twitter:data1\" content=\"4 minutes\">\n<script type=\"application\/ld+json\" class=\"yoast-schema-graph\">{\"@context\":\"https:\/\/schema.org\",\"@graph\":[{\"@type\":\"Organization\",\"@id\":\"http:\/\/aics-bs.com\/home\/#organization\",\"name\":\"AICS Business Solutions \\u00c7elik San. ve Tic. \\u015eti.\",\"url\":\"http:\/\/aics-bs.com\/home\/\",\"sameAs\":[],\"logo\":{\"@type\":\"ImageObject\",\"@id\":\"http:\/\/aics-bs.com\/home\/#logo\",\"inLanguage\":\"en-US\",\"url\":\"https:\/\/aics-bs.com\/wp-content\/uploads\/2020\/01\/AICS_logo.png\",\"contentUrl\":\"https:\/\/aics-bs.com\/wp-content\/uploads\/2020\/01\/AICS_logo.png\",\"width\":2421,\"height\":2371,\"caption\":\"AICS Business Solutions \\u00c7elik San. ve Tic. \\u015eti.\"},\"image\":{\"@id\":\"http:\/\/aics-bs.com\/home\/#logo\"}},{\"@type\":\"WebSite\",\"@id\":\"http:\/\/aics-bs.com\/home\/#website\",\"url\":\"http:\/\/aics-bs.com\/home\/\",\"name\":\"AICS Business Solutions\",\"description\":\"web\",\"publisher\":{\"@id\":\"http:\/\/aics-bs.com\/home\/#organization\"},\"potentialAction\":[{\"@type\":\"SearchAction\",\"target\":\"http:\/\/aics-bs.com\/home\/?s={search_term_string}\",\"query-input\":\"required name=search_term_string\"}],\"inLanguage\":\"en-US\"},{\"@type\":\"ImageObject\",\"@id\":\"https:\/\/aics-bs.com\/home\/?page_id=742&lang=tr#primaryimage\",\"inLanguage\":\"en-US\",\"url\":\"http:\/\/aics-bs.com\/wp-content\/uploads\/2020\/01\/kalite_1_1.jpg\",\"contentUrl\":\"http:\/\/aics-bs.com\/wp-content\/uploads\/2020\/01\/kalite_1_1.jpg\"},{\"@type\":\"WebPage\",\"@id\":\"https:\/\/aics-bs.com\/home\/?page_id=742&lang=tr#webpage\",\"url\":\"https:\/\/aics-bs.com\/home\/?page_id=742&lang=tr\",\"name\":\"Machining-tr - AICS Business Solutions\",\"isPartOf\":{\"@id\":\"http:\/\/aics-bs.com\/home\/#website\"},\"primaryImageOfPage\":{\"@id\":\"https:\/\/aics-bs.com\/home\/?page_id=742&lang=tr#primaryimage\"},\"datePublished\":\"2020-03-23T15:06:24+00:00\",\"dateModified\":\"2023-03-15T18:00:10+00:00\",\"breadcrumb\":{\"@id\":\"https:\/\/aics-bs.com\/home\/?page_id=742&lang=tr#breadcrumb\"},\"inLanguage\":\"en-US\",\"potentialAction\":[{\"@type\":\"ReadAction\",\"target\":[\"https:\/\/aics-bs.com\/home\/?page_id=742&lang=tr\"]}]},{\"@type\":\"BreadcrumbList\",\"@id\":\"https:\/\/aics-bs.com\/home\/?page_id=742&lang=tr#breadcrumb\",\"itemListElement\":[{\"@type\":\"ListItem\",\"position\":1,\"item\":{\"@type\":\"WebPage\",\"@id\":\"https:\/\/aics-bs.com\/home\/\",\"url\":\"https:\/\/aics-bs.com\/home\/\",\"name\":\"Ana sayfa\"}},{\"@type\":\"ListItem\",\"position\":2,\"item\":{\"@id\":\"https:\/\/aics-bs.com\/home\/?page_id=742&lang=tr#webpage\"}}]}]}<\/script>\n<!-- \/ Yoast SEO plugin. -->","_links":{"self":[{"href":"https:\/\/aics-bs.com\/home\/index.php?rest_route=\/wp\/v2\/pages\/742","targetHints":{"allow":["GET"]}}],"collection":[{"href":"https:\/\/aics-bs.com\/home\/index.php?rest_route=\/wp\/v2\/pages"}],"about":[{"href":"https:\/\/aics-bs.com\/home\/index.php?rest_route=\/wp\/v2\/types\/page"}],"author":[{"embeddable":true,"href":"https:\/\/aics-bs.com\/home\/index.php?rest_route=\/wp\/v2\/users\/1"}],"replies":[{"embeddable":true,"href":"https:\/\/aics-bs.com\/home\/index.php?rest_route=%2Fwp%2Fv2%2Fcomments&post=742"}],"version-history":[{"count":10,"href":"https:\/\/aics-bs.com\/home\/index.php?rest_route=\/wp\/v2\/pages\/742\/revisions"}],"predecessor-version":[{"id":1459,"href":"https:\/\/aics-bs.com\/home\/index.php?rest_route=\/wp\/v2\/pages\/742\/revisions\/1459"}],"wp:attachment":[{"href":"https:\/\/aics-bs.com\/home\/index.php?rest_route=%2Fwp%2Fv2%2Fmedia&parent=742"}],"curies":[{"name":"wp","href":"https:\/\/api.w.org\/{rel}","templated":true}]}}