{"id":727,"date":"2020-03-23T12:42:21","date_gmt":"2020-03-23T12:42:21","guid":{"rendered":"http:\/\/aics-bs.com\/home\/?page_id=727"},"modified":"2020-03-23T12:50:00","modified_gmt":"2020-03-23T12:50:00","slug":"investment-casting-tr","status":"publish","type":"page","link":"https:\/\/aics-bs.com\/home\/?page_id=727&lang=tr","title":{"rendered":"Investment Casting-tr"},"content":{"rendered":"\t\t<div data-elementor-type=\"wp-page\" data-elementor-id=\"727\" class=\"elementor elementor-727\">\n\t\t\t\t\t\t<div class=\"elementor-inner\">\n\t\t\t\t<div class=\"elementor-section-wrap\">\n\t\t\t\t\t\t\t\t\t<section class=\"elementor-section elementor-top-section elementor-element elementor-element-5af1ba69 elementor-section-content-middle elementor-section-full_width elementor-section-height-default elementor-section-height-default\" data-id=\"5af1ba69\" data-element_type=\"section\">\n\t\t\t\t\t\t<div class=\"elementor-container elementor-column-gap-no\">\n\t\t\t\t\t\t\t<div class=\"elementor-row\">\n\t\t\t\t\t<div class=\"elementor-column elementor-col-100 elementor-top-column elementor-element elementor-element-2a6e3bde\" data-id=\"2a6e3bde\" data-element_type=\"column\">\n\t\t\t<div class=\"elementor-column-wrap elementor-element-populated\">\n\t\t\t\t\t\t\t<div class=\"elementor-widget-wrap\">\n\t\t\t\t\t\t<div class=\"elementor-element elementor-element-69ac2d2 elementor-widget elementor-widget-heading\" data-id=\"69ac2d2\" data-element_type=\"widget\" data-widget_type=\"heading.default\">\n\t\t\t\t<div class=\"elementor-widget-container\">\n\t\t\t<h4 class=\"elementor-heading-title elementor-size-default\">Hassas d\u00f6k\u00fcm<\/h4>\t\t<\/div>\n\t\t\t\t<\/div>\n\t\t\t\t<div class=\"elementor-element elementor-element-35a15214 elementor-widget elementor-widget-text-editor\" data-id=\"35a15214\" data-element_type=\"widget\" data-widget_type=\"text-editor.default\">\n\t\t\t\t<div class=\"elementor-widget-container\">\n\t\t\t\t\t\t\t\t<div class=\"elementor-text-editor elementor-clearfix\">\n\t\t\t\t<span style=\"color: #000000;\">NADCAP ve AS9100 sertifikal\u0131 tecr\u00fcbeli Hassas D\u00f6k\u00fcm ortaklar\u0131m\u0131zla, projeleriniz i\u00e7in m\u00fcmk\u00fcn olan en iyi \u00e7\u00f6z\u00fcm\u00fc sunabiliriz.<\/span>\t\t\t\t\t<\/div>\n\t\t\t\t\t\t<\/div>\n\t\t\t\t<\/div>\n\t\t\t\t\t\t<\/div>\n\t\t\t\t\t<\/div>\n\t\t<\/div>\n\t\t\t\t\t\t\t\t<\/div>\n\t\t\t\t\t<\/div>\n\t\t<\/section>\n\t\t\t\t<section class=\"elementor-section elementor-top-section elementor-element elementor-element-94cccbe elementor-section-boxed elementor-section-height-default elementor-section-height-default\" data-id=\"94cccbe\" data-element_type=\"section\">\n\t\t\t\t\t\t\t<div class=\"elementor-background-overlay\"><\/div>\n\t\t\t\t\t\t\t<div class=\"elementor-container elementor-column-gap-default\">\n\t\t\t\t\t\t\t<div class=\"elementor-row\">\n\t\t\t\t\t<div class=\"elementor-column elementor-col-50 elementor-top-column elementor-element elementor-element-2dc1bab\" data-id=\"2dc1bab\" data-element_type=\"column\">\n\t\t\t<div class=\"elementor-column-wrap elementor-element-populated\">\n\t\t\t\t\t\t\t<div class=\"elementor-widget-wrap\">\n\t\t\t\t\t\t<div class=\"elementor-element elementor-element-1e3750e elementor-widget elementor-widget-text-editor\" data-id=\"1e3750e\" data-element_type=\"widget\" data-widget_type=\"text-editor.default\">\n\t\t\t\t<div class=\"elementor-widget-container\">\n\t\t\t\t\t\t\t\t<div class=\"elementor-text-editor elementor-clearfix\">\n\t\t\t\t<p>Hassas D\u00f6k\u00fcm s\u00fcreci bir\u00e7ok y\u00f6nden size avantajlar sunar.<\/p><p>Y\u00fcksek tasar\u0131m \u00f6zg\u00fcrl\u00fc\u011f\u00fc<\/p><p>Ekonomik \u00fcretim<\/p><p>Y\u00fcksek boyutlu do\u011fruluk<\/p><p>Y\u00fcksek y\u00fczey kalitesi\u200b<\/p><p>Serbest Malzeme se\u00e7imi<\/p><p>Son derece karma\u015f\u0131k par\u00e7alar d\u00f6k\u00fclebilir<\/p>\t\t\t\t\t<\/div>\n\t\t\t\t\t\t<\/div>\n\t\t\t\t<\/div>\n\t\t\t\t\t\t<\/div>\n\t\t\t\t\t<\/div>\n\t\t<\/div>\n\t\t\t\t<div class=\"elementor-column elementor-col-50 elementor-top-column elementor-element elementor-element-eb457ac\" data-id=\"eb457ac\" data-element_type=\"column\">\n\t\t\t<div class=\"elementor-column-wrap elementor-element-populated\">\n\t\t\t\t\t\t\t<div class=\"elementor-widget-wrap\">\n\t\t\t\t\t\t<div class=\"elementor-element elementor-element-caad4a0 animated-slow elementor-invisible elementor-widget elementor-widget-image\" data-id=\"caad4a0\" data-element_type=\"widget\" data-settings=\"{&quot;_animation&quot;:&quot;fadeIn&quot;}\" data-widget_type=\"image.default\">\n\t\t\t\t<div class=\"elementor-widget-container\">\n\t\t\t\t\t\t\t\t<div class=\"elementor-image\">\n\t\t\t\t\t\t\t\t\t\t\t\t<img decoding=\"async\" src=\"https:\/\/aics-bs.com\/wp-content\/uploads\/2020\/01\/feinguss-02.jpg\" title=\"feinguss-02\" alt=\"feinguss-02\" \/>\t\t\t\t\t\t\t\t\t\t\t\t\t\t<\/div>\n\t\t\t\t\t\t<\/div>\n\t\t\t\t<\/div>\n\t\t\t\t\t\t<\/div>\n\t\t\t\t\t<\/div>\n\t\t<\/div>\n\t\t\t\t\t\t\t\t<\/div>\n\t\t\t\t\t<\/div>\n\t\t<\/section>\n\t\t\t\t<section class=\"elementor-section elementor-top-section elementor-element elementor-element-75513f0 elementor-section-boxed elementor-section-height-default elementor-section-height-default\" data-id=\"75513f0\" data-element_type=\"section\">\n\t\t\t\t\t\t<div class=\"elementor-container elementor-column-gap-default\">\n\t\t\t\t\t\t\t<div class=\"elementor-row\">\n\t\t\t\t\t<div class=\"elementor-column elementor-col-50 elementor-top-column elementor-element elementor-element-d73cc39\" data-id=\"d73cc39\" data-element_type=\"column\">\n\t\t\t<div class=\"elementor-column-wrap elementor-element-populated\">\n\t\t\t\t\t\t\t<div class=\"elementor-widget-wrap\">\n\t\t\t\t\t\t<div class=\"elementor-element elementor-element-3e3013d elementor-invisible elementor-widget elementor-widget-image\" data-id=\"3e3013d\" data-element_type=\"widget\" data-settings=\"{&quot;_animation&quot;:&quot;fadeInLeft&quot;}\" data-widget_type=\"image.default\">\n\t\t\t\t<div class=\"elementor-widget-container\">\n\t\t\t\t\t\t\t\t<div class=\"elementor-image\">\n\t\t\t\t\t\t\t\t\t\t\t\t<img decoding=\"async\" src=\"https:\/\/aics-bs.com\/wp-content\/uploads\/2020\/01\/HD-1.jpg\" title=\"HD 1\" alt=\"HD 1\" \/>\t\t\t\t\t\t\t\t\t\t\t\t\t\t<\/div>\n\t\t\t\t\t\t<\/div>\n\t\t\t\t<\/div>\n\t\t\t\t\t\t<\/div>\n\t\t\t\t\t<\/div>\n\t\t<\/div>\n\t\t\t\t<div class=\"elementor-column elementor-col-50 elementor-top-column elementor-element elementor-element-dd45b91\" data-id=\"dd45b91\" data-element_type=\"column\">\n\t\t\t<div class=\"elementor-column-wrap elementor-element-populated\">\n\t\t\t\t\t\t\t<div class=\"elementor-widget-wrap\">\n\t\t\t\t\t\t<div class=\"elementor-element elementor-element-cd0d4f0 elementor-invisible elementor-widget elementor-widget-image\" data-id=\"cd0d4f0\" data-element_type=\"widget\" data-settings=\"{&quot;_animation&quot;:&quot;fadeInRight&quot;}\" data-widget_type=\"image.default\">\n\t\t\t\t<div class=\"elementor-widget-container\">\n\t\t\t\t\t\t\t\t<div class=\"elementor-image\">\n\t\t\t\t\t\t\t\t\t\t\t\t<img loading=\"lazy\" decoding=\"async\" width=\"1024\" height=\"576\" src=\"https:\/\/aics-bs.com\/wp-content\/uploads\/2020\/01\/Hassas-D\u00f6k\u00fcm-1024x576.jpg\" class=\"attachment-large size-large\" alt=\"\" srcset=\"https:\/\/aics-bs.com\/wp-content\/uploads\/2020\/01\/Hassas-D\u00f6k\u00fcm-1024x576.jpg 1024w, https:\/\/aics-bs.com\/wp-content\/uploads\/2020\/01\/Hassas-D\u00f6k\u00fcm-300x169.jpg 300w, https:\/\/aics-bs.com\/wp-content\/uploads\/2020\/01\/Hassas-D\u00f6k\u00fcm-768x432.jpg 768w, https:\/\/aics-bs.com\/wp-content\/uploads\/2020\/01\/Hassas-D\u00f6k\u00fcm-1536x864.jpg 1536w, https:\/\/aics-bs.com\/wp-content\/uploads\/2020\/01\/Hassas-D\u00f6k\u00fcm.jpg 1920w\" sizes=\"auto, (max-width: 1024px) 100vw, 1024px\" \/>\t\t\t\t\t\t\t\t\t\t\t\t\t\t<\/div>\n\t\t\t\t\t\t<\/div>\n\t\t\t\t<\/div>\n\t\t\t\t\t\t<\/div>\n\t\t\t\t\t<\/div>\n\t\t<\/div>\n\t\t\t\t\t\t\t\t<\/div>\n\t\t\t\t\t<\/div>\n\t\t<\/section>\n\t\t\t\t<section class=\"elementor-section elementor-top-section elementor-element elementor-element-3bf36cd elementor-section-boxed elementor-section-height-default elementor-section-height-default elementor-invisible\" data-id=\"3bf36cd\" data-element_type=\"section\" data-settings=\"{&quot;animation&quot;:&quot;fadeInUp&quot;}\">\n\t\t\t\t\t\t<div class=\"elementor-container elementor-column-gap-default\">\n\t\t\t\t\t\t\t<div class=\"elementor-row\">\n\t\t\t\t\t<div class=\"elementor-column elementor-col-50 elementor-top-column elementor-element elementor-element-40d25b6\" data-id=\"40d25b6\" data-element_type=\"column\">\n\t\t\t<div class=\"elementor-column-wrap elementor-element-populated\">\n\t\t\t\t\t\t\t<div class=\"elementor-widget-wrap\">\n\t\t\t\t\t\t<div class=\"elementor-element elementor-element-7004810 elementor-widget elementor-widget-image\" data-id=\"7004810\" data-element_type=\"widget\" data-widget_type=\"image.default\">\n\t\t\t\t<div class=\"elementor-widget-container\">\n\t\t\t\t\t\t\t\t<div class=\"elementor-image\">\n\t\t\t\t\t\t\t\t\t\t\t\t<img loading=\"lazy\" decoding=\"async\" width=\"500\" height=\"330\" src=\"https:\/\/aics-bs.com\/wp-content\/uploads\/2020\/01\/impro-investment.jpg\" class=\"attachment-large size-large\" alt=\"\" srcset=\"https:\/\/aics-bs.com\/wp-content\/uploads\/2020\/01\/impro-investment.jpg 500w, https:\/\/aics-bs.com\/wp-content\/uploads\/2020\/01\/impro-investment-300x198.jpg 300w\" sizes=\"auto, (max-width: 500px) 100vw, 500px\" \/>\t\t\t\t\t\t\t\t\t\t\t\t\t\t<\/div>\n\t\t\t\t\t\t<\/div>\n\t\t\t\t<\/div>\n\t\t\t\t\t\t<\/div>\n\t\t\t\t\t<\/div>\n\t\t<\/div>\n\t\t\t\t<div class=\"elementor-column elementor-col-50 elementor-top-column elementor-element elementor-element-9b6d830\" data-id=\"9b6d830\" data-element_type=\"column\">\n\t\t\t<div class=\"elementor-column-wrap elementor-element-populated\">\n\t\t\t\t\t\t\t<div class=\"elementor-widget-wrap\">\n\t\t\t\t\t\t<div class=\"elementor-element elementor-element-d300363 elementor-widget elementor-widget-image\" data-id=\"d300363\" data-element_type=\"widget\" data-widget_type=\"image.default\">\n\t\t\t\t<div class=\"elementor-widget-container\">\n\t\t\t\t\t\t\t\t<div class=\"elementor-image\">\n\t\t\t\t\t\t\t\t\t\t\t\t<img loading=\"lazy\" decoding=\"async\" width=\"600\" height=\"370\" src=\"https:\/\/aics-bs.com\/wp-content\/uploads\/2020\/01\/feinguss03.jpg\" class=\"attachment-large size-large\" alt=\"\" srcset=\"https:\/\/aics-bs.com\/wp-content\/uploads\/2020\/01\/feinguss03.jpg 600w, https:\/\/aics-bs.com\/wp-content\/uploads\/2020\/01\/feinguss03-300x185.jpg 300w\" sizes=\"auto, (max-width: 600px) 100vw, 600px\" \/>\t\t\t\t\t\t\t\t\t\t\t\t\t\t<\/div>\n\t\t\t\t\t\t<\/div>\n\t\t\t\t<\/div>\n\t\t\t\t\t\t<\/div>\n\t\t\t\t\t<\/div>\n\t\t<\/div>\n\t\t\t\t\t\t\t\t<\/div>\n\t\t\t\t\t<\/div>\n\t\t<\/section>\n\t\t\t\t\t\t\t\t\t<\/div>\n\t\t\t<\/div>\n\t\t\t\t\t<\/div>\n\t\t","protected":false},"excerpt":{"rendered":"<p>Hassas d\u00f6k\u00fcm NADCAP ve AS9100 sertifikal\u0131 tecr\u00fcbeli Hassas D\u00f6k\u00fcm ortaklar\u0131m\u0131zla, projeleriniz i\u00e7in m\u00fcmk\u00fcn olan en iyi \u00e7\u00f6z\u00fcm\u00fc sunabiliriz. Hassas D\u00f6k\u00fcm s\u00fcreci bir\u00e7ok y\u00f6nden size avantajlar sunar. Y\u00fcksek tasar\u0131m \u00f6zg\u00fcrl\u00fc\u011f\u00fc Ekonomik \u00fcretim Y\u00fcksek boyutlu do\u011fruluk Y\u00fcksek y\u00fczey kalitesi\u200b Serbest Malzeme se\u00e7imi Son derece karma\u015f\u0131k par\u00e7alar d\u00f6k\u00fclebilir<\/p>\n","protected":false},"author":1,"featured_media":0,"parent":0,"menu_order":0,"comment_status":"closed","ping_status":"closed","template":"","meta":{"footnotes":""},"class_list":["post-727","page","type-page","status-publish","hentry","entry"],"yoast_head":"<!-- This site is optimized with the Yoast SEO plugin v16.2 - https:\/\/yoast.com\/wordpress\/plugins\/seo\/ -->\n<title>Investment Casting-tr - AICS Business Solutions<\/title>\n<meta name=\"robots\" content=\"index, follow, max-snippet:-1, max-image-preview:large, max-video-preview:-1\" \/>\n<link rel=\"canonical\" href=\"https:\/\/aics-bs.com\/home\/?page_id=727&#038;lang=tr\" \/>\n<meta property=\"og:locale\" content=\"en_US\" \/>\n<meta property=\"og:type\" content=\"article\" \/>\n<meta property=\"og:title\" content=\"Investment Casting-tr - AICS Business Solutions\" \/>\n<meta property=\"og:description\" content=\"Hassas d\u00f6k\u00fcm NADCAP ve AS9100 sertifikal\u0131 tecr\u00fcbeli Hassas D\u00f6k\u00fcm ortaklar\u0131m\u0131zla, projeleriniz i\u00e7in m\u00fcmk\u00fcn olan en iyi \u00e7\u00f6z\u00fcm\u00fc sunabiliriz. Hassas D\u00f6k\u00fcm s\u00fcreci bir\u00e7ok y\u00f6nden size avantajlar sunar. Y\u00fcksek tasar\u0131m \u00f6zg\u00fcrl\u00fc\u011f\u00fc Ekonomik \u00fcretim Y\u00fcksek boyutlu do\u011fruluk Y\u00fcksek y\u00fczey kalitesi\u200b Serbest Malzeme se\u00e7imi Son derece karma\u015f\u0131k par\u00e7alar d\u00f6k\u00fclebilir\" \/>\n<meta property=\"og:url\" content=\"https:\/\/aics-bs.com\/home\/?page_id=727&amp;lang=tr\" \/>\n<meta property=\"og:site_name\" content=\"AICS Business Solutions\" \/>\n<meta property=\"article:modified_time\" content=\"2020-03-23T12:50:00+00:00\" \/>\n<meta property=\"og:image\" content=\"http:\/\/aics-bs.com\/wp-content\/uploads\/elementor\/thumbs\/feinguss-02-ojuijajhl3xs4a1jmp9jz1dwjv76k0blc0f9hafee8.jpg\" \/>\n<meta name=\"twitter:card\" content=\"summary_large_image\" \/>\n<script type=\"application\/ld+json\" class=\"yoast-schema-graph\">{\"@context\":\"https:\/\/schema.org\",\"@graph\":[{\"@type\":\"Organization\",\"@id\":\"http:\/\/aics-bs.com\/home\/#organization\",\"name\":\"AICS Business Solutions \\u00c7elik San. ve Tic. \\u015eti.\",\"url\":\"http:\/\/aics-bs.com\/home\/\",\"sameAs\":[],\"logo\":{\"@type\":\"ImageObject\",\"@id\":\"http:\/\/aics-bs.com\/home\/#logo\",\"inLanguage\":\"en-US\",\"url\":\"https:\/\/aics-bs.com\/wp-content\/uploads\/2020\/01\/AICS_logo.png\",\"contentUrl\":\"https:\/\/aics-bs.com\/wp-content\/uploads\/2020\/01\/AICS_logo.png\",\"width\":2421,\"height\":2371,\"caption\":\"AICS Business Solutions \\u00c7elik San. ve Tic. \\u015eti.\"},\"image\":{\"@id\":\"http:\/\/aics-bs.com\/home\/#logo\"}},{\"@type\":\"WebSite\",\"@id\":\"http:\/\/aics-bs.com\/home\/#website\",\"url\":\"http:\/\/aics-bs.com\/home\/\",\"name\":\"AICS Business Solutions\",\"description\":\"web\",\"publisher\":{\"@id\":\"http:\/\/aics-bs.com\/home\/#organization\"},\"potentialAction\":[{\"@type\":\"SearchAction\",\"target\":\"http:\/\/aics-bs.com\/home\/?s={search_term_string}\",\"query-input\":\"required name=search_term_string\"}],\"inLanguage\":\"en-US\"},{\"@type\":\"ImageObject\",\"@id\":\"https:\/\/aics-bs.com\/home\/?page_id=727&lang=tr#primaryimage\",\"inLanguage\":\"en-US\",\"url\":\"http:\/\/aics-bs.com\/wp-content\/uploads\/elementor\/thumbs\/feinguss-02-ojuijajhl3xs4a1jmp9jz1dwjv76k0blc0f9hafee8.jpg\",\"contentUrl\":\"http:\/\/aics-bs.com\/wp-content\/uploads\/elementor\/thumbs\/feinguss-02-ojuijajhl3xs4a1jmp9jz1dwjv76k0blc0f9hafee8.jpg\"},{\"@type\":\"WebPage\",\"@id\":\"https:\/\/aics-bs.com\/home\/?page_id=727&lang=tr#webpage\",\"url\":\"https:\/\/aics-bs.com\/home\/?page_id=727&lang=tr\",\"name\":\"Investment Casting-tr - AICS Business Solutions\",\"isPartOf\":{\"@id\":\"http:\/\/aics-bs.com\/home\/#website\"},\"primaryImageOfPage\":{\"@id\":\"https:\/\/aics-bs.com\/home\/?page_id=727&lang=tr#primaryimage\"},\"datePublished\":\"2020-03-23T12:42:21+00:00\",\"dateModified\":\"2020-03-23T12:50:00+00:00\",\"breadcrumb\":{\"@id\":\"https:\/\/aics-bs.com\/home\/?page_id=727&lang=tr#breadcrumb\"},\"inLanguage\":\"en-US\",\"potentialAction\":[{\"@type\":\"ReadAction\",\"target\":[\"https:\/\/aics-bs.com\/home\/?page_id=727&lang=tr\"]}]},{\"@type\":\"BreadcrumbList\",\"@id\":\"https:\/\/aics-bs.com\/home\/?page_id=727&lang=tr#breadcrumb\",\"itemListElement\":[{\"@type\":\"ListItem\",\"position\":1,\"item\":{\"@type\":\"WebPage\",\"@id\":\"https:\/\/aics-bs.com\/home\/\",\"url\":\"https:\/\/aics-bs.com\/home\/\",\"name\":\"Ana sayfa\"}},{\"@type\":\"ListItem\",\"position\":2,\"item\":{\"@id\":\"https:\/\/aics-bs.com\/home\/?page_id=727&lang=tr#webpage\"}}]}]}<\/script>\n<!-- \/ Yoast SEO plugin. -->","_links":{"self":[{"href":"https:\/\/aics-bs.com\/home\/index.php?rest_route=\/wp\/v2\/pages\/727","targetHints":{"allow":["GET"]}}],"collection":[{"href":"https:\/\/aics-bs.com\/home\/index.php?rest_route=\/wp\/v2\/pages"}],"about":[{"href":"https:\/\/aics-bs.com\/home\/index.php?rest_route=\/wp\/v2\/types\/page"}],"author":[{"embeddable":true,"href":"https:\/\/aics-bs.com\/home\/index.php?rest_route=\/wp\/v2\/users\/1"}],"replies":[{"embeddable":true,"href":"https:\/\/aics-bs.com\/home\/index.php?rest_route=%2Fwp%2Fv2%2Fcomments&post=727"}],"version-history":[{"count":2,"href":"https:\/\/aics-bs.com\/home\/index.php?rest_route=\/wp\/v2\/pages\/727\/revisions"}],"predecessor-version":[{"id":729,"href":"https:\/\/aics-bs.com\/home\/index.php?rest_route=\/wp\/v2\/pages\/727\/revisions\/729"}],"wp:attachment":[{"href":"https:\/\/aics-bs.com\/home\/index.php?rest_route=%2Fwp%2Fv2%2Fmedia&parent=727"}],"curies":[{"name":"wp","href":"https:\/\/api.w.org\/{rel}","templated":true}]}}