{"id":165,"date":"2020-01-17T12:02:04","date_gmt":"2020-01-17T12:02:04","guid":{"rendered":"http:\/\/aics-bs.com\/home\/?page_id=165"},"modified":"2023-03-15T17:56:18","modified_gmt":"2023-03-15T17:56:18","slug":"machining","status":"publish","type":"page","link":"https:\/\/aics-bs.com\/home\/?page_id=165&lang=de","title":{"rendered":"Spanende-Bearbeitung"},"content":{"rendered":"\t\t<div data-elementor-type=\"wp-page\" data-elementor-id=\"165\" class=\"elementor elementor-165\">\n\t\t\t\t\t\t<div class=\"elementor-inner\">\n\t\t\t\t<div class=\"elementor-section-wrap\">\n\t\t\t\t\t\t\t\t\t<section class=\"elementor-section elementor-top-section elementor-element elementor-element-a457702 elementor-section-boxed elementor-section-height-default elementor-section-height-default\" data-id=\"a457702\" data-element_type=\"section\">\n\t\t\t\t\t\t<div class=\"elementor-container elementor-column-gap-default\">\n\t\t\t\t\t\t\t<div class=\"elementor-row\">\n\t\t\t\t\t<div class=\"elementor-column elementor-col-100 elementor-top-column elementor-element elementor-element-0e7d88f\" data-id=\"0e7d88f\" data-element_type=\"column\">\n\t\t\t<div class=\"elementor-column-wrap elementor-element-populated\">\n\t\t\t\t\t\t\t<div class=\"elementor-widget-wrap\">\n\t\t\t\t\t\t<div class=\"elementor-element elementor-element-4f7f501b elementor-widget elementor-widget-heading\" data-id=\"4f7f501b\" data-element_type=\"widget\" data-widget_type=\"heading.default\">\n\t\t\t\t<div class=\"elementor-widget-container\">\n\t\t\t<h4 class=\"elementor-heading-title elementor-size-default\">Spanende Bearbeitung  <br>\n(Drehen \/ Fr\u00e4sen)<\/h4>\t\t<\/div>\n\t\t\t\t<\/div>\n\t\t\t\t<div class=\"elementor-element elementor-element-b312131 elementor-widget elementor-widget-text-editor\" data-id=\"b312131\" data-element_type=\"widget\" data-widget_type=\"text-editor.default\">\n\t\t\t\t<div class=\"elementor-widget-container\">\n\t\t\t\t\t\t\t\t<div class=\"elementor-text-editor elementor-clearfix\">\n\t\t\t\t<p style=\"text-align: center;font-size:16px\"><span style=\"color: #333333;\">Unsere NADCAP zertifizierten Lieferanten sind f\u00fcr die Automobil- und Luftfahrtindustrie t\u00e4tig und entsprechend nach EN 9100 und IATF16949 zertifiziert.<\/span><\/p>\n<p style=\"text-align: center;\"><span style=\"color: #333333;font-size:16px\">Wir beliefern Branchen aller Art mit Zerspanungsteilen aus vollem Material sowie Automatendrehteilen.<\/span><\/p>\t\t\t\t\t<\/div>\n\t\t\t\t\t\t<\/div>\n\t\t\t\t<\/div>\n\t\t\t\t\t\t<\/div>\n\t\t\t\t\t<\/div>\n\t\t<\/div>\n\t\t\t\t\t\t\t\t<\/div>\n\t\t\t\t\t<\/div>\n\t\t<\/section>\n\t\t\t\t<section class=\"elementor-section elementor-top-section elementor-element elementor-element-bb733d4 elementor-section-boxed elementor-section-height-default elementor-section-height-default\" data-id=\"bb733d4\" data-element_type=\"section\">\n\t\t\t\t\t\t<div class=\"elementor-container elementor-column-gap-default\">\n\t\t\t\t\t\t\t<div class=\"elementor-row\">\n\t\t\t\t\t<div class=\"elementor-column elementor-col-50 elementor-top-column elementor-element elementor-element-54ff5db\" data-id=\"54ff5db\" data-element_type=\"column\">\n\t\t\t<div class=\"elementor-column-wrap elementor-element-populated\">\n\t\t\t\t\t\t\t<div class=\"elementor-widget-wrap\">\n\t\t\t\t\t\t<div class=\"elementor-element elementor-element-919ac41 elementor-widget elementor-widget-spacer\" data-id=\"919ac41\" data-element_type=\"widget\" data-widget_type=\"spacer.default\">\n\t\t\t\t<div class=\"elementor-widget-container\">\n\t\t\t\t\t<div class=\"elementor-spacer\">\n\t\t\t<div class=\"elementor-spacer-inner\"><\/div>\n\t\t<\/div>\n\t\t\t\t<\/div>\n\t\t\t\t<\/div>\n\t\t\t\t<div class=\"elementor-element elementor-element-3bc4aa0 elementor-invisible elementor-widget elementor-widget-image\" data-id=\"3bc4aa0\" data-element_type=\"widget\" data-settings=\"{&quot;_animation&quot;:&quot;fadeInLeft&quot;}\" data-widget_type=\"image.default\">\n\t\t\t\t<div class=\"elementor-widget-container\">\n\t\t\t\t\t\t\t\t<div class=\"elementor-image\">\n\t\t\t\t\t\t\t\t\t\t\t\t<img decoding=\"async\" src=\"https:\/\/aics-bs.com\/wp-content\/uploads\/2020\/01\/kalite_1_1.jpg\" title=\"kalite_1_1\" alt=\"kalite_1_1\" \/>\t\t\t\t\t\t\t\t\t\t\t\t\t\t<\/div>\n\t\t\t\t\t\t<\/div>\n\t\t\t\t<\/div>\n\t\t\t\t\t\t<\/div>\n\t\t\t\t\t<\/div>\n\t\t<\/div>\n\t\t\t\t<div class=\"elementor-column elementor-col-50 elementor-top-column elementor-element elementor-element-a3f028a\" data-id=\"a3f028a\" data-element_type=\"column\">\n\t\t\t<div class=\"elementor-column-wrap elementor-element-populated\">\n\t\t\t\t\t\t\t<div class=\"elementor-widget-wrap\">\n\t\t\t\t\t\t<div class=\"elementor-element elementor-element-6009c10 elementor-invisible elementor-widget elementor-widget-image\" data-id=\"6009c10\" data-element_type=\"widget\" data-settings=\"{&quot;_animation&quot;:&quot;fadeInRight&quot;}\" data-widget_type=\"image.default\">\n\t\t\t\t<div class=\"elementor-widget-container\">\n\t\t\t\t\t\t\t\t<div class=\"elementor-image\">\n\t\t\t\t\t\t\t\t\t\t\t\t<img loading=\"lazy\" decoding=\"async\" width=\"600\" height=\"450\" src=\"https:\/\/aics-bs.com\/wp-content\/uploads\/2023\/03\/CMM2.jpg\" class=\"attachment-large size-large\" alt=\"\" srcset=\"https:\/\/aics-bs.com\/wp-content\/uploads\/2023\/03\/CMM2.jpg 600w, https:\/\/aics-bs.com\/wp-content\/uploads\/2023\/03\/CMM2-300x225.jpg 300w\" sizes=\"auto, (max-width: 600px) 100vw, 600px\" \/>\t\t\t\t\t\t\t\t\t\t\t\t\t\t<\/div>\n\t\t\t\t\t\t<\/div>\n\t\t\t\t<\/div>\n\t\t\t\t\t\t<\/div>\n\t\t\t\t\t<\/div>\n\t\t<\/div>\n\t\t\t\t\t\t\t\t<\/div>\n\t\t\t\t\t<\/div>\n\t\t<\/section>\n\t\t\t\t<section class=\"elementor-section elementor-top-section elementor-element elementor-element-e45841d elementor-section-boxed elementor-section-height-default elementor-section-height-default elementor-invisible\" data-id=\"e45841d\" data-element_type=\"section\" data-settings=\"{&quot;animation&quot;:&quot;fadeInUp&quot;}\">\n\t\t\t\t\t\t<div class=\"elementor-container elementor-column-gap-default\">\n\t\t\t\t\t\t\t<div class=\"elementor-row\">\n\t\t\t\t\t<div class=\"elementor-column elementor-col-100 elementor-top-column elementor-element elementor-element-e2cae65\" data-id=\"e2cae65\" data-element_type=\"column\">\n\t\t\t<div class=\"elementor-column-wrap elementor-element-populated\">\n\t\t\t\t\t\t\t<div class=\"elementor-widget-wrap\">\n\t\t\t\t\t\t<div class=\"elementor-element elementor-element-855a9bc elementor-widget elementor-widget-heading\" data-id=\"855a9bc\" data-element_type=\"widget\" data-widget_type=\"heading.default\">\n\t\t\t\t<div class=\"elementor-widget-container\">\n\t\t\t<h2 class=\"elementor-heading-title elementor-size-default\">Gallery<\/h2>\t\t<\/div>\n\t\t\t\t<\/div>\n\t\t\t\t<div class=\"elementor-element elementor-element-e336052 elementor-arrows-position-outside elementor-pagination-position-outside elementor-widget elementor-widget-image-carousel\" data-id=\"e336052\" data-element_type=\"widget\" data-settings=\"{&quot;navigation&quot;:&quot;both&quot;,&quot;autoplay&quot;:&quot;yes&quot;,&quot;pause_on_hover&quot;:&quot;yes&quot;,&quot;pause_on_interaction&quot;:&quot;yes&quot;,&quot;autoplay_speed&quot;:5000,&quot;infinite&quot;:&quot;yes&quot;,&quot;speed&quot;:500}\" data-widget_type=\"image-carousel.default\">\n\t\t\t\t<div class=\"elementor-widget-container\">\n\t\t\t\t\t<div class=\"elementor-image-carousel-wrapper swiper-container\" dir=\"ltr\">\n\t\t\t<div class=\"elementor-image-carousel swiper-wrapper\">\n\t\t\t\t\t\t\t\t<div class=\"swiper-slide\"><figure class=\"swiper-slide-inner\"><img decoding=\"async\" class=\"swiper-slide-image\" src=\"https:\/\/aics-bs.com\/wp-content\/uploads\/2020\/01\/Kayar-5-300x225.jpg\" alt=\"Kayar 5\" \/><\/figure><\/div><div class=\"swiper-slide\"><figure class=\"swiper-slide-inner\"><img decoding=\"async\" class=\"swiper-slide-image\" src=\"https:\/\/aics-bs.com\/wp-content\/uploads\/2020\/01\/Kayar-6-300x225.png\" alt=\"Kayar 6\" \/><\/figure><\/div><div class=\"swiper-slide\"><figure class=\"swiper-slide-inner\"><img decoding=\"async\" class=\"swiper-slide-image\" src=\"https:\/\/aics-bs.com\/wp-content\/uploads\/2020\/01\/Kayar-7-300x198.jpg\" alt=\"Kayar 7\" \/><\/figure><\/div><div class=\"swiper-slide\"><figure class=\"swiper-slide-inner\"><img decoding=\"async\" class=\"swiper-slide-image\" src=\"https:\/\/aics-bs.com\/wp-content\/uploads\/2020\/01\/Kayar-8-300x169.jpg\" alt=\"Kayar 8\" \/><\/figure><\/div><div class=\"swiper-slide\"><figure class=\"swiper-slide-inner\"><img decoding=\"async\" class=\"swiper-slide-image\" src=\"https:\/\/aics-bs.com\/wp-content\/uploads\/2020\/01\/Kayar-9-300x246.png\" alt=\"Kayar 9\" \/><\/figure><\/div><div class=\"swiper-slide\"><figure class=\"swiper-slide-inner\"><img decoding=\"async\" class=\"swiper-slide-image\" src=\"https:\/\/aics-bs.com\/wp-content\/uploads\/2020\/01\/Laser-Cutting-14-300x214.jpg\" alt=\"Laser Cutting 14\" \/><\/figure><\/div><div class=\"swiper-slide\"><figure class=\"swiper-slide-inner\"><img decoding=\"async\" class=\"swiper-slide-image\" src=\"https:\/\/aics-bs.com\/wp-content\/uploads\/2020\/01\/machining-300x198.jpg\" alt=\"machining\" \/><\/figure><\/div><div class=\"swiper-slide\"><figure class=\"swiper-slide-inner\"><img decoding=\"async\" class=\"swiper-slide-image\" src=\"https:\/\/aics-bs.com\/wp-content\/uploads\/2020\/01\/machining-components-1024x559-1-300x164.jpg\" alt=\"machining-components--1024x559\" \/><\/figure><\/div><div class=\"swiper-slide\"><figure class=\"swiper-slide-inner\"><img decoding=\"async\" class=\"swiper-slide-image\" src=\"https:\/\/aics-bs.com\/wp-content\/uploads\/2020\/01\/machining-parts-2-300x223.jpg\" alt=\"machining-parts\" \/><\/figure><\/div><div class=\"swiper-slide\"><figure class=\"swiper-slide-inner\"><img decoding=\"async\" class=\"swiper-slide-image\" src=\"https:\/\/aics-bs.com\/wp-content\/uploads\/2020\/01\/Mim-1-300x188.gif\" alt=\"Mim 1\" \/><\/figure><\/div><div class=\"swiper-slide\"><figure class=\"swiper-slide-inner\"><img decoding=\"async\" class=\"swiper-slide-image\" src=\"https:\/\/aics-bs.com\/wp-content\/uploads\/2020\/01\/mim-2-300x200.jpg\" alt=\"mim 2\" \/><\/figure><\/div><div class=\"swiper-slide\"><figure class=\"swiper-slide-inner\"><img decoding=\"async\" class=\"swiper-slide-image\" src=\"https:\/\/aics-bs.com\/wp-content\/uploads\/2020\/01\/nachining-300x184.jpg\" alt=\"nachining\" \/><\/figure><\/div><div class=\"swiper-slide\"><figure class=\"swiper-slide-inner\"><img decoding=\"async\" class=\"swiper-slide-image\" src=\"https:\/\/aics-bs.com\/wp-content\/uploads\/2020\/01\/otomat_i\u015fleme_1-300x224.jpg\" alt=\"otomat_i\u015fleme_1\" \/><\/figure><\/div>\t\t\t<\/div>\n\t\t\t\t\t\t\t\t\t\t\t\t<div class=\"swiper-pagination\"><\/div>\n\t\t\t\t\t\t\t\t\t\t\t\t\t<div class=\"elementor-swiper-button elementor-swiper-button-prev\">\n\t\t\t\t\t\t<i aria-hidden=\"true\" class=\"eicon-chevron-left\"><\/i>\t\t\t\t\t\t<span class=\"elementor-screen-only\">Previous<\/span>\n\t\t\t\t\t<\/div>\n\t\t\t\t\t<div class=\"elementor-swiper-button elementor-swiper-button-next\">\n\t\t\t\t\t\t<i aria-hidden=\"true\" class=\"eicon-chevron-right\"><\/i>\t\t\t\t\t\t<span class=\"elementor-screen-only\">Next<\/span>\n\t\t\t\t\t<\/div>\n\t\t\t\t\t\t\t\t\t<\/div>\n\t\t\t\t<\/div>\n\t\t\t\t<\/div>\n\t\t\t\t\t\t<\/div>\n\t\t\t\t\t<\/div>\n\t\t<\/div>\n\t\t\t\t\t\t\t\t<\/div>\n\t\t\t\t\t<\/div>\n\t\t<\/section>\n\t\t\t\t\t\t\t\t\t<\/div>\n\t\t\t<\/div>\n\t\t\t\t\t<\/div>\n\t\t","protected":false},"excerpt":{"rendered":"<p>Spanende Bearbeitung (Drehen \/ Fr\u00e4sen) Unsere NADCAP zertifizierten Lieferanten sind f\u00fcr die Automobil- und Luftfahrtindustrie t\u00e4tig und entsprechend nach EN 9100 und IATF16949 zertifiziert. Wir beliefern Branchen aller Art mit Zerspanungsteilen aus vollem Material sowie Automatendrehteilen. Gallery Previous Next<\/p>\n","protected":false},"author":1,"featured_media":0,"parent":0,"menu_order":0,"comment_status":"closed","ping_status":"closed","template":"","meta":{"footnotes":""},"class_list":["post-165","page","type-page","status-publish","hentry","entry"],"yoast_head":"<!-- This site is optimized with the Yoast SEO plugin v16.2 - https:\/\/yoast.com\/wordpress\/plugins\/seo\/ -->\n<title>Spanende-Bearbeitung - AICS Business Solutions<\/title>\n<meta name=\"robots\" content=\"index, follow, max-snippet:-1, max-image-preview:large, max-video-preview:-1\" \/>\n<link rel=\"canonical\" href=\"https:\/\/aics-bs.com\/home\/?page_id=165&#038;lang=de\" \/>\n<meta property=\"og:locale\" content=\"en_US\" \/>\n<meta property=\"og:type\" content=\"article\" \/>\n<meta property=\"og:title\" content=\"Spanende-Bearbeitung - AICS Business Solutions\" \/>\n<meta property=\"og:description\" content=\"Spanende Bearbeitung (Drehen \/ Fr\u00e4sen) Unsere NADCAP zertifizierten Lieferanten sind f\u00fcr die Automobil- und Luftfahrtindustrie t\u00e4tig und entsprechend nach EN 9100 und IATF16949 zertifiziert. Wir beliefern Branchen aller Art mit Zerspanungsteilen aus vollem Material sowie Automatendrehteilen. Gallery Previous Next\" \/>\n<meta property=\"og:url\" content=\"https:\/\/aics-bs.com\/home\/?page_id=165&amp;lang=de\" \/>\n<meta property=\"og:site_name\" content=\"AICS Business Solutions\" \/>\n<meta property=\"article:modified_time\" content=\"2023-03-15T17:56:18+00:00\" \/>\n<meta property=\"og:image\" content=\"http:\/\/aics-bs.com\/wp-content\/uploads\/2020\/01\/kalite_1_1.jpg\" \/>\n<meta name=\"twitter:card\" content=\"summary_large_image\" \/>\n<meta name=\"twitter:label1\" content=\"Est. reading time\">\n\t<meta name=\"twitter:data1\" content=\"5 minutes\">\n<script type=\"application\/ld+json\" class=\"yoast-schema-graph\">{\"@context\":\"https:\/\/schema.org\",\"@graph\":[{\"@type\":\"Organization\",\"@id\":\"http:\/\/aics-bs.com\/home\/#organization\",\"name\":\"AICS Business Solutions \\u00c7elik San. ve Tic. \\u015eti.\",\"url\":\"http:\/\/aics-bs.com\/home\/\",\"sameAs\":[],\"logo\":{\"@type\":\"ImageObject\",\"@id\":\"http:\/\/aics-bs.com\/home\/#logo\",\"inLanguage\":\"en-US\",\"url\":\"https:\/\/aics-bs.com\/wp-content\/uploads\/2020\/01\/AICS_logo.png\",\"contentUrl\":\"https:\/\/aics-bs.com\/wp-content\/uploads\/2020\/01\/AICS_logo.png\",\"width\":2421,\"height\":2371,\"caption\":\"AICS Business Solutions \\u00c7elik San. ve Tic. \\u015eti.\"},\"image\":{\"@id\":\"http:\/\/aics-bs.com\/home\/#logo\"}},{\"@type\":\"WebSite\",\"@id\":\"http:\/\/aics-bs.com\/home\/#website\",\"url\":\"http:\/\/aics-bs.com\/home\/\",\"name\":\"AICS Business Solutions\",\"description\":\"web\",\"publisher\":{\"@id\":\"http:\/\/aics-bs.com\/home\/#organization\"},\"potentialAction\":[{\"@type\":\"SearchAction\",\"target\":\"http:\/\/aics-bs.com\/home\/?s={search_term_string}\",\"query-input\":\"required name=search_term_string\"}],\"inLanguage\":\"en-US\"},{\"@type\":\"ImageObject\",\"@id\":\"https:\/\/aics-bs.com\/home\/?page_id=165&lang=de#primaryimage\",\"inLanguage\":\"en-US\",\"url\":\"http:\/\/aics-bs.com\/wp-content\/uploads\/2020\/01\/kalite_1_1.jpg\",\"contentUrl\":\"http:\/\/aics-bs.com\/wp-content\/uploads\/2020\/01\/kalite_1_1.jpg\"},{\"@type\":\"WebPage\",\"@id\":\"https:\/\/aics-bs.com\/home\/?page_id=165&lang=de#webpage\",\"url\":\"https:\/\/aics-bs.com\/home\/?page_id=165&lang=de\",\"name\":\"Spanende-Bearbeitung - AICS Business Solutions\",\"isPartOf\":{\"@id\":\"http:\/\/aics-bs.com\/home\/#website\"},\"primaryImageOfPage\":{\"@id\":\"https:\/\/aics-bs.com\/home\/?page_id=165&lang=de#primaryimage\"},\"datePublished\":\"2020-01-17T12:02:04+00:00\",\"dateModified\":\"2023-03-15T17:56:18+00:00\",\"breadcrumb\":{\"@id\":\"https:\/\/aics-bs.com\/home\/?page_id=165&lang=de#breadcrumb\"},\"inLanguage\":\"en-US\",\"potentialAction\":[{\"@type\":\"ReadAction\",\"target\":[\"https:\/\/aics-bs.com\/home\/?page_id=165&lang=de\"]}]},{\"@type\":\"BreadcrumbList\",\"@id\":\"https:\/\/aics-bs.com\/home\/?page_id=165&lang=de#breadcrumb\",\"itemListElement\":[{\"@type\":\"ListItem\",\"position\":1,\"item\":{\"@type\":\"WebPage\",\"@id\":\"https:\/\/aics-bs.com\/home\/\",\"url\":\"https:\/\/aics-bs.com\/home\/\",\"name\":\"Ana sayfa\"}},{\"@type\":\"ListItem\",\"position\":2,\"item\":{\"@id\":\"https:\/\/aics-bs.com\/home\/?page_id=165&lang=de#webpage\"}}]}]}<\/script>\n<!-- \/ Yoast SEO plugin. -->","_links":{"self":[{"href":"https:\/\/aics-bs.com\/home\/index.php?rest_route=\/wp\/v2\/pages\/165","targetHints":{"allow":["GET"]}}],"collection":[{"href":"https:\/\/aics-bs.com\/home\/index.php?rest_route=\/wp\/v2\/pages"}],"about":[{"href":"https:\/\/aics-bs.com\/home\/index.php?rest_route=\/wp\/v2\/types\/page"}],"author":[{"embeddable":true,"href":"https:\/\/aics-bs.com\/home\/index.php?rest_route=\/wp\/v2\/users\/1"}],"replies":[{"embeddable":true,"href":"https:\/\/aics-bs.com\/home\/index.php?rest_route=%2Fwp%2Fv2%2Fcomments&post=165"}],"version-history":[{"count":18,"href":"https:\/\/aics-bs.com\/home\/index.php?rest_route=\/wp\/v2\/pages\/165\/revisions"}],"predecessor-version":[{"id":1445,"href":"https:\/\/aics-bs.com\/home\/index.php?rest_route=\/wp\/v2\/pages\/165\/revisions\/1445"}],"wp:attachment":[{"href":"https:\/\/aics-bs.com\/home\/index.php?rest_route=%2Fwp%2Fv2%2Fmedia&parent=165"}],"curies":[{"name":"wp","href":"https:\/\/api.w.org\/{rel}","templated":true}]}}