{"id":1036,"date":"2020-05-12T09:35:58","date_gmt":"2020-05-12T09:35:58","guid":{"rendered":"http:\/\/aics-bs.com\/home\/?page_id=1036"},"modified":"2025-01-08T17:01:23","modified_gmt":"2025-01-08T17:01:23","slug":"hakkimizda","status":"publish","type":"page","link":"https:\/\/aics-bs.com\/home\/?page_id=1036&lang=tr","title":{"rendered":"Hakk\u0131m\u0131zda"},"content":{"rendered":"\t\t<div data-elementor-type=\"wp-page\" data-elementor-id=\"1036\" class=\"elementor elementor-1036\">\n\t\t\t\t\t\t<div class=\"elementor-inner\">\n\t\t\t\t<div class=\"elementor-section-wrap\">\n\t\t\t\t\t\t\t\t\t<section class=\"elementor-section elementor-top-section elementor-element elementor-element-f08dc6f elementor-section-boxed elementor-section-height-default elementor-section-height-default\" data-id=\"f08dc6f\" data-element_type=\"section\">\n\t\t\t\t\t\t<div class=\"elementor-container elementor-column-gap-default\">\n\t\t\t\t\t\t\t<div class=\"elementor-row\">\n\t\t\t\t\t<div class=\"elementor-column elementor-col-100 elementor-top-column elementor-element elementor-element-802f182\" data-id=\"802f182\" data-element_type=\"column\">\n\t\t\t<div class=\"elementor-column-wrap elementor-element-populated\">\n\t\t\t\t\t\t\t<div class=\"elementor-widget-wrap\">\n\t\t\t\t\t\t<div class=\"elementor-element elementor-element-c8d69f7 elementor-widget elementor-widget-heading\" data-id=\"c8d69f7\" data-element_type=\"widget\" data-widget_type=\"heading.default\">\n\t\t\t\t<div class=\"elementor-widget-container\">\n\t\t\t<h2 class=\"elementor-heading-title elementor-size-default\">Hakk\u0131m\u0131zda<\/h2>\t\t<\/div>\n\t\t\t\t<\/div>\n\t\t\t\t\t\t<\/div>\n\t\t\t\t\t<\/div>\n\t\t<\/div>\n\t\t\t\t\t\t\t\t<\/div>\n\t\t\t\t\t<\/div>\n\t\t<\/section>\n\t\t\t\t<section class=\"elementor-section elementor-top-section elementor-element elementor-element-a0cd67d elementor-section-boxed elementor-section-height-default elementor-section-height-default\" data-id=\"a0cd67d\" data-element_type=\"section\">\n\t\t\t\t\t\t<div class=\"elementor-container elementor-column-gap-default\">\n\t\t\t\t\t\t\t<div class=\"elementor-row\">\n\t\t\t\t\t<div class=\"elementor-column elementor-col-100 elementor-top-column elementor-element elementor-element-70867c3\" data-id=\"70867c3\" data-element_type=\"column\">\n\t\t\t<div class=\"elementor-column-wrap elementor-element-populated\">\n\t\t\t\t\t\t\t<div class=\"elementor-widget-wrap\">\n\t\t\t\t\t\t<div class=\"elementor-element elementor-element-dbabfe1 elementor-widget elementor-widget-text-editor\" data-id=\"dbabfe1\" data-element_type=\"widget\" data-widget_type=\"text-editor.default\">\n\t\t\t\t<div class=\"elementor-widget-container\">\n\t\t\t\t\t\t\t\t<div class=\"elementor-text-editor elementor-clearfix\">\n\t\t\t\t<p>\u00a0Temeli 1994 Almanya\u2019ya dayal\u0131 2017 de kurulmu\u015f Demiryolu, Otomotiv ve Havac\u0131l\u0131k sekt\u00f6r\u00fc a\u011f\u0131rl\u0131kl\u0131 olmak \u00fczere \u00e7e\u015fitli \u00fcretim Sekt\u00f6rlerine hizmet veren %100 \u0130hracat yapan Tala\u015fl\u0131 imalat \u015firketiyiz.<\/p><p>\u00a0Mevcut 25 personel ve Son teknoloji makine parkurumuzla projelerinizin hayata ge\u00e7irilmesinde g\u00fcvenilir, yetkin bir Ortak olarak yan\u0131n\u0131zday\u0131z.<\/p><p>\u00a0\u00c7e\u015fitli alanlardaki g\u00fc\u00e7l\u00fc tedarik\u00e7i a\u011f\u0131m\u0131z ve uzun y\u0131llara dayanan tecr\u00fcbemiz sayesinde, M\u00fchendislerimiz ve ekibimiz ile ihtiya\u00e7lar\u0131n\u0131z\u0131 ve gereksinimlerinizi en iyi \u015fekilde kar\u015f\u0131lamak ad\u0131na farkl\u0131 \u00fcretim y\u00f6ntem ve s\u00fcre\u00e7lerini birle\u015ftirebiliyoruz.<\/p><p>\u00a0Y\u00fcksek kalite anlay\u0131\u015f\u0131m\u0131z ve donan\u0131ml\u0131 kalite birimimiz ile seri \u00fcretimde Kalite \u00fcretiyoruz!<\/p>\t\t\t\t\t<\/div>\n\t\t\t\t\t\t<\/div>\n\t\t\t\t<\/div>\n\t\t\t\t\t\t<\/div>\n\t\t\t\t\t<\/div>\n\t\t<\/div>\n\t\t\t\t\t\t\t\t<\/div>\n\t\t\t\t\t<\/div>\n\t\t<\/section>\n\t\t\t\t\t\t\t\t\t<\/div>\n\t\t\t<\/div>\n\t\t\t\t\t<\/div>\n\t\t","protected":false},"excerpt":{"rendered":"<p>Hakk\u0131m\u0131zda \u00a0Temeli 1994 Almanya\u2019ya dayal\u0131 2017 de kurulmu\u015f Demiryolu, Otomotiv ve Havac\u0131l\u0131k sekt\u00f6r\u00fc a\u011f\u0131rl\u0131kl\u0131 olmak \u00fczere \u00e7e\u015fitli \u00fcretim Sekt\u00f6rlerine hizmet veren %100 \u0130hracat yapan Tala\u015fl\u0131 imalat \u015firketiyiz. \u00a0Mevcut 25 personel ve Son teknoloji makine parkurumuzla projelerinizin hayata ge\u00e7irilmesinde g\u00fcvenilir, yetkin bir Ortak olarak yan\u0131n\u0131zday\u0131z. \u00a0\u00c7e\u015fitli alanlardaki g\u00fc\u00e7l\u00fc tedarik\u00e7i a\u011f\u0131m\u0131z ve uzun y\u0131llara dayanan tecr\u00fcbemiz sayesinde, [&hellip;]<\/p>\n","protected":false},"author":1,"featured_media":0,"parent":0,"menu_order":0,"comment_status":"closed","ping_status":"closed","template":"","meta":{"footnotes":""},"class_list":["post-1036","page","type-page","status-publish","hentry","entry"],"yoast_head":"<!-- This site is optimized with the Yoast SEO plugin v16.2 - https:\/\/yoast.com\/wordpress\/plugins\/seo\/ -->\n<title>Hakk\u0131m\u0131zda - AICS Business Solutions<\/title>\n<meta name=\"robots\" content=\"index, follow, max-snippet:-1, max-image-preview:large, max-video-preview:-1\" \/>\n<link rel=\"canonical\" href=\"https:\/\/aics-bs.com\/home\/?page_id=1036&#038;lang=tr\" \/>\n<meta property=\"og:locale\" content=\"en_US\" \/>\n<meta property=\"og:type\" content=\"article\" \/>\n<meta property=\"og:title\" content=\"Hakk\u0131m\u0131zda - AICS Business Solutions\" \/>\n<meta property=\"og:description\" content=\"Hakk\u0131m\u0131zda \u00a0Temeli 1994 Almanya\u2019ya dayal\u0131 2017 de kurulmu\u015f Demiryolu, Otomotiv ve Havac\u0131l\u0131k sekt\u00f6r\u00fc a\u011f\u0131rl\u0131kl\u0131 olmak \u00fczere \u00e7e\u015fitli \u00fcretim Sekt\u00f6rlerine hizmet veren %100 \u0130hracat yapan Tala\u015fl\u0131 imalat \u015firketiyiz. \u00a0Mevcut 25 personel ve Son teknoloji makine parkurumuzla projelerinizin hayata ge\u00e7irilmesinde g\u00fcvenilir, yetkin bir Ortak olarak yan\u0131n\u0131zday\u0131z. \u00a0\u00c7e\u015fitli alanlardaki g\u00fc\u00e7l\u00fc tedarik\u00e7i a\u011f\u0131m\u0131z ve uzun y\u0131llara dayanan tecr\u00fcbemiz sayesinde, [&hellip;]\" \/>\n<meta property=\"og:url\" content=\"https:\/\/aics-bs.com\/home\/?page_id=1036&amp;lang=tr\" \/>\n<meta property=\"og:site_name\" content=\"AICS Business Solutions\" \/>\n<meta property=\"article:modified_time\" content=\"2025-01-08T17:01:23+00:00\" \/>\n<meta name=\"twitter:card\" content=\"summary_large_image\" \/>\n<meta name=\"twitter:label1\" content=\"Est. reading time\">\n\t<meta name=\"twitter:data1\" content=\"1 minute\">\n<script type=\"application\/ld+json\" class=\"yoast-schema-graph\">{\"@context\":\"https:\/\/schema.org\",\"@graph\":[{\"@type\":\"Organization\",\"@id\":\"http:\/\/aics-bs.com\/home\/#organization\",\"name\":\"AICS Business Solutions \\u00c7elik San. ve Tic. \\u015eti.\",\"url\":\"http:\/\/aics-bs.com\/home\/\",\"sameAs\":[],\"logo\":{\"@type\":\"ImageObject\",\"@id\":\"http:\/\/aics-bs.com\/home\/#logo\",\"inLanguage\":\"en-US\",\"url\":\"https:\/\/aics-bs.com\/wp-content\/uploads\/2020\/01\/AICS_logo.png\",\"contentUrl\":\"https:\/\/aics-bs.com\/wp-content\/uploads\/2020\/01\/AICS_logo.png\",\"width\":2421,\"height\":2371,\"caption\":\"AICS Business Solutions \\u00c7elik San. ve Tic. \\u015eti.\"},\"image\":{\"@id\":\"http:\/\/aics-bs.com\/home\/#logo\"}},{\"@type\":\"WebSite\",\"@id\":\"http:\/\/aics-bs.com\/home\/#website\",\"url\":\"http:\/\/aics-bs.com\/home\/\",\"name\":\"AICS Business Solutions\",\"description\":\"web\",\"publisher\":{\"@id\":\"http:\/\/aics-bs.com\/home\/#organization\"},\"potentialAction\":[{\"@type\":\"SearchAction\",\"target\":\"http:\/\/aics-bs.com\/home\/?s={search_term_string}\",\"query-input\":\"required name=search_term_string\"}],\"inLanguage\":\"en-US\"},{\"@type\":\"WebPage\",\"@id\":\"https:\/\/aics-bs.com\/home\/?page_id=1036&lang=tr#webpage\",\"url\":\"https:\/\/aics-bs.com\/home\/?page_id=1036&lang=tr\",\"name\":\"Hakk\\u0131m\\u0131zda - AICS Business Solutions\",\"isPartOf\":{\"@id\":\"http:\/\/aics-bs.com\/home\/#website\"},\"datePublished\":\"2020-05-12T09:35:58+00:00\",\"dateModified\":\"2025-01-08T17:01:23+00:00\",\"breadcrumb\":{\"@id\":\"https:\/\/aics-bs.com\/home\/?page_id=1036&lang=tr#breadcrumb\"},\"inLanguage\":\"en-US\",\"potentialAction\":[{\"@type\":\"ReadAction\",\"target\":[\"https:\/\/aics-bs.com\/home\/?page_id=1036&lang=tr\"]}]},{\"@type\":\"BreadcrumbList\",\"@id\":\"https:\/\/aics-bs.com\/home\/?page_id=1036&lang=tr#breadcrumb\",\"itemListElement\":[{\"@type\":\"ListItem\",\"position\":1,\"item\":{\"@type\":\"WebPage\",\"@id\":\"https:\/\/aics-bs.com\/home\/\",\"url\":\"https:\/\/aics-bs.com\/home\/\",\"name\":\"Ana sayfa\"}},{\"@type\":\"ListItem\",\"position\":2,\"item\":{\"@id\":\"https:\/\/aics-bs.com\/home\/?page_id=1036&lang=tr#webpage\"}}]}]}<\/script>\n<!-- \/ Yoast SEO plugin. -->","_links":{"self":[{"href":"https:\/\/aics-bs.com\/home\/index.php?rest_route=\/wp\/v2\/pages\/1036","targetHints":{"allow":["GET"]}}],"collection":[{"href":"https:\/\/aics-bs.com\/home\/index.php?rest_route=\/wp\/v2\/pages"}],"about":[{"href":"https:\/\/aics-bs.com\/home\/index.php?rest_route=\/wp\/v2\/types\/page"}],"author":[{"embeddable":true,"href":"https:\/\/aics-bs.com\/home\/index.php?rest_route=\/wp\/v2\/users\/1"}],"replies":[{"embeddable":true,"href":"https:\/\/aics-bs.com\/home\/index.php?rest_route=%2Fwp%2Fv2%2Fcomments&post=1036"}],"version-history":[{"count":18,"href":"https:\/\/aics-bs.com\/home\/index.php?rest_route=\/wp\/v2\/pages\/1036\/revisions"}],"predecessor-version":[{"id":1764,"href":"https:\/\/aics-bs.com\/home\/index.php?rest_route=\/wp\/v2\/pages\/1036\/revisions\/1764"}],"wp:attachment":[{"href":"https:\/\/aics-bs.com\/home\/index.php?rest_route=%2Fwp%2Fv2%2Fmedia&parent=1036"}],"curies":[{"name":"wp","href":"https:\/\/api.w.org\/{rel}","templated":true}]}}